{"id":12,"date":"2017-03-06T14:58:05","date_gmt":"2017-03-06T14:58:05","guid":{"rendered":"http:\/\/www.edugestio.com\/web\/?page_id=12"},"modified":"2025-12-03T14:25:40","modified_gmt":"2025-12-03T14:25:40","slug":"app-a-mida-per-a-escoles","status":"publish","type":"page","link":"https:\/\/www.edugestio.com\/web\/app-a-mida-per-a-escoles\/","title":{"rendered":"App a mida per a escoles"},"content":{"rendered":"\n<div style=\"height:20px\" aria-hidden=\"true\" class=\"wp-block-spacer\"><\/div>\n\n\n\n<h2 class=\"wp-block-heading has-text-align-center\"><strong><span style=\"color: #000000;\">Creem l&#8217;App a mida del vostre centre o AFA per millorar la comunicaci\u00f3 amb les families i alumnes<\/span><\/strong><\/h2>\n\n\n\n<div style=\"height:50px\" aria-hidden=\"true\" class=\"wp-block-spacer\"><\/div>\n\n\n\n<p><strong>L\u2019App disposa de les seg\u00fcents funcionalitats:<\/strong><\/p>\n\n\n\n<ul class=\"wp-block-list\">\n<li><strong>Disseny a mida de l&#8217;App<\/strong>, amb el vostre logo, colors i disseny de botons personalitzats .<\/li>\n\n\n\n<li><strong>Missatges push App, amb confirmaci\u00f3 de lectura, adjunts i resposta<\/strong>. Opcionalment es poden enviar sms o e-mails als usuaris sense App.<\/li>\n\n\n\n<li>Sistema d&#8217;<strong>autoritzacions digitals<\/strong>, que els pares poden signar des de l&#8217;App amb el dit, sense generar un sol paper.<\/li>\n\n\n\n<li>Amb <strong>sistema de pagaments TPV<\/strong>,&nbsp; sense comissions, els diners van directes al compte de l&#8217;escola o AMPA. Possibilitat d&#8217;afegir m\u00e9s d&#8217;un TPV.<\/li>\n\n\n\n<li>Sistema de <strong>control d&#8217;assist\u00e8ncia i incid\u00e8ncies d&#8217;alumnes<\/strong>, per tal que el pofessorat pugui passar llista des de l&#8217;App.<\/li>\n\n\n\n<li>Amb l&#8217;App <strong>contribu\u00efm a tenir cura del medi ambient estalviant paper<\/strong>, ja que tots els documents, circulars, arxius arriben als dispositius de les fam\u00edlies.  <\/li>\n\n\n\n<li><strong>M\u00e9s de 400 centres educatius ja confien en els nostres servei.<\/strong><\/li>\n<\/ul>\n\n\n\n<div style=\"height:50px\" aria-hidden=\"true\" class=\"wp-block-spacer\"><\/div>\n\n\n\n<figure class=\"wp-block-gallery has-nested-images columns-4 is-cropped wp-block-gallery-1 is-layout-flex wp-block-gallery-is-layout-flex\">\n<figure class=\"wp-block-image size-large\"><img loading=\"lazy\" decoding=\"async\" width=\"565\" height=\"1024\" data-id=\"512\" src=\"https:\/\/www.edugestio.com\/web\/wp-content\/uploads\/2020\/04\/Disseny_App_OK-565x1024.jpg\" alt=\"\" class=\"wp-image-512\" srcset=\"https:\/\/www.edugestio.com\/web\/wp-content\/uploads\/2020\/04\/Disseny_App_OK-565x1024.jpg 565w, https:\/\/www.edugestio.com\/web\/wp-content\/uploads\/2020\/04\/Disseny_App_OK-165x300.jpg 165w, https:\/\/www.edugestio.com\/web\/wp-content\/uploads\/2020\/04\/Disseny_App_OK-768x1393.jpg 768w, https:\/\/www.edugestio.com\/web\/wp-content\/uploads\/2020\/04\/Disseny_App_OK.jpg 900w\" sizes=\"auto, (max-width: 565px) 100vw, 565px\" \/><\/figure>\n\n\n\n<figure class=\"wp-block-image size-large\"><img loading=\"lazy\" decoding=\"async\" width=\"593\" height=\"1024\" data-id=\"511\" src=\"https:\/\/www.edugestio.com\/web\/wp-content\/uploads\/2020\/04\/disseny_app-ok-593x1024.jpg\" alt=\"\" class=\"wp-image-511\" srcset=\"https:\/\/www.edugestio.com\/web\/wp-content\/uploads\/2020\/04\/disseny_app-ok-593x1024.jpg 593w, https:\/\/www.edugestio.com\/web\/wp-content\/uploads\/2020\/04\/disseny_app-ok-174x300.jpg 174w, https:\/\/www.edugestio.com\/web\/wp-content\/uploads\/2020\/04\/disseny_app-ok-768x1326.jpg 768w, https:\/\/www.edugestio.com\/web\/wp-content\/uploads\/2020\/04\/disseny_app-ok.jpg 1158w\" sizes=\"auto, (max-width: 593px) 100vw, 593px\" \/><\/figure>\n\n\n\n<figure class=\"wp-block-image size-large\"><img loading=\"lazy\" decoding=\"async\" width=\"608\" height=\"1024\" data-id=\"510\" src=\"https:\/\/www.edugestio.com\/web\/wp-content\/uploads\/2020\/04\/disseny_app_3-1-608x1024.jpg\" alt=\"\" class=\"wp-image-510\" srcset=\"https:\/\/www.edugestio.com\/web\/wp-content\/uploads\/2020\/04\/disseny_app_3-1-608x1024.jpg 608w, https:\/\/www.edugestio.com\/web\/wp-content\/uploads\/2020\/04\/disseny_app_3-1-178x300.jpg 178w, https:\/\/www.edugestio.com\/web\/wp-content\/uploads\/2020\/04\/disseny_app_3-1-768x1293.jpg 768w, https:\/\/www.edugestio.com\/web\/wp-content\/uploads\/2020\/04\/disseny_app_3-1.jpg 800w\" sizes=\"auto, (max-width: 608px) 100vw, 608px\" \/><\/figure>\n\n\n\n<figure class=\"wp-block-image size-large\"><img loading=\"lazy\" decoding=\"async\" width=\"565\" height=\"1024\" data-id=\"515\" src=\"https:\/\/www.edugestio.com\/web\/wp-content\/uploads\/2020\/04\/Disseny_App3-565x1024.jpg\" alt=\"\" class=\"wp-image-515\" srcset=\"https:\/\/www.edugestio.com\/web\/wp-content\/uploads\/2020\/04\/Disseny_App3-565x1024.jpg 565w, https:\/\/www.edugestio.com\/web\/wp-content\/uploads\/2020\/04\/Disseny_App3-165x300.jpg 165w, https:\/\/www.edugestio.com\/web\/wp-content\/uploads\/2020\/04\/Disseny_App3.jpg 600w\" sizes=\"auto, (max-width: 565px) 100vw, 565px\" \/><\/figure>\n<\/figure>\n\n\n\n<p><\/p>\n\n\n\n<p class=\"has-text-align-center\">Si vols m\u00e9s informaci\u00f3 sobre l&#8217;App escola o exemples de funcionament posa\u2019t en contacte amb nosaltres.<\/p>\n\n\n\n<div style=\"height:25px\" aria-hidden=\"true\" class=\"wp-block-spacer\"><\/div>\n\n\n\n<div class=\"wp-block-group has-pale-ocean-gradient-background has-background\"><div class=\"wp-block-group__inner-container is-layout-constrained wp-block-group-is-layout-constrained\">\n<div style=\"height:25px\" aria-hidden=\"true\" class=\"wp-block-spacer\"><\/div>\n\n\n\n<h2 class=\"wp-block-heading has-text-align-center\">Contacta amb nosaltres<\/h2>\n\n\n\n<p class=\"has-text-align-center\" style=\"font-size:16px\">Si vols m\u00e9s informaci\u00f3 o exemples de funcionament posa\u2019t en contacte amb nosaltres<\/p>\n\n\n\n<div class=\"wp-block-group is-content-justification-center is-nowrap is-layout-flex wp-container-core-group-is-layout-94bc23d7 wp-block-group-is-layout-flex\">\n<p class=\"has-text-align-center\"><img decoding=\"async\" draggable=\"false\" role=\"img\" class=\"emoji\" alt=\"tel\" src=\"https:\/\/s.w.org\/images\/core\/emoji\/16.0.1\/svg\/1f4de.svg\"> <strong>930.133.503<\/strong><\/p>\n\n\n\n<p><\/p>\n\n\n\n<p class=\"has-text-align-center\"><img decoding=\"async\" draggable=\"false\" role=\"img\" class=\"emoji\" alt=\"email\" src=\"https:\/\/s.w.org\/images\/core\/emoji\/16.0.1\/svg\/1f4e7.svg\"> <a href=\"mailto:info@dumainteractiva.com\"><strong>info@dumainteractiva.com<\/strong><\/a><\/p>\n<\/div>\n\n\n\n<div style=\"height:25px\" aria-hidden=\"true\" class=\"wp-block-spacer\"><\/div>\n\n\n\n<div class=\"wp-block-buttons is-content-justification-center is-layout-flex wp-container-core-buttons-is-layout-16018d1d wp-block-buttons-is-layout-flex\">\n<div class=\"wp-block-button\"><a class=\"wp-block-button__link has-vivid-cyan-blue-background-color has-background has-text-align-center wp-element-button\" href=\"https:\/\/www.edugestio.com\/web\/contacta-2\/\">Demana informaci\u00f3!<\/a><\/div>\n<\/div>\n\n\n\n<div style=\"height:25px\" aria-hidden=\"true\" class=\"wp-block-spacer\"><\/div>\n<\/div><\/div>\n","protected":false},"excerpt":{"rendered":"<p class=\"qua-blog-post-description\">Creem l&#8217;App a mida del vostre centre o AFA per millorar la comunicaci\u00f3 amb les families i alumnes L\u2019App disposa de les seg\u00fcents funcionalitats: Si vols m\u00e9s informaci\u00f3 sobre l&#8217;App escola o exemples de funcionament posa\u2019t en contacte amb nosaltres.<\/p>\n","protected":false},"author":1,"featured_media":0,"parent":0,"menu_order":0,"comment_status":"closed","ping_status":"closed","template":"","meta":{"footnotes":""},"class_list":["post-12","page","type-page","status-publish","hentry"],"yoast_head":"<!-- This site is optimized with the Yoast SEO plugin v27.2 - https:\/\/yoast.com\/product\/yoast-seo-wordpress\/ -->\n<title>App a mida per a escoles - Edugesti\u00f3<\/title>\n<meta name=\"robots\" content=\"index, follow, max-snippet:-1, max-image-preview:large, max-video-preview:-1\" \/>\n<link rel=\"canonical\" href=\"https:\/\/www.edugestio.com\/web\/app-a-mida-per-a-escoles\/\" \/>\n<meta property=\"og:locale\" content=\"es_ES\" \/>\n<meta property=\"og:type\" content=\"article\" \/>\n<meta property=\"og:title\" content=\"App a mida per a escoles - Edugesti\u00f3\" \/>\n<meta property=\"og:description\" content=\"Creem l&#8217;App a mida del vostre centre o AFA per millorar la comunicaci\u00f3 amb les families i alumnes L\u2019App disposa de les seg\u00fcents funcionalitats: Si vols m\u00e9s informaci\u00f3 sobre l&#8217;App escola o exemples de funcionament posa\u2019t en contacte amb nosaltres.\" \/>\n<meta property=\"og:url\" content=\"https:\/\/www.edugestio.com\/web\/app-a-mida-per-a-escoles\/\" \/>\n<meta property=\"og:site_name\" content=\"Edugesti\u00f3\" \/>\n<meta property=\"article:modified_time\" content=\"2025-12-03T14:25:40+00:00\" \/>\n<meta property=\"og:image\" content=\"https:\/\/www.edugestio.com\/web\/wp-content\/uploads\/2020\/04\/Disseny_App_OK.jpg\" \/>\n\t<meta property=\"og:image:width\" content=\"900\" \/>\n\t<meta property=\"og:image:height\" content=\"1632\" \/>\n\t<meta property=\"og:image:type\" content=\"image\/jpeg\" \/>\n<meta name=\"twitter:card\" content=\"summary_large_image\" \/>\n<meta name=\"twitter:label1\" content=\"Tiempo de lectura\" \/>\n\t<meta name=\"twitter:data1\" content=\"3 minutos\" \/>\n<script type=\"application\/ld+json\" class=\"yoast-schema-graph\">{\"@context\":\"https:\/\/schema.org\",\"@graph\":[{\"@type\":\"WebPage\",\"@id\":\"https:\/\/www.edugestio.com\/web\/app-a-mida-per-a-escoles\/\",\"url\":\"https:\/\/www.edugestio.com\/web\/app-a-mida-per-a-escoles\/\",\"name\":\"App a mida per a escoles - Edugesti\u00f3\",\"isPartOf\":{\"@id\":\"https:\/\/www.edugestio.com\/web\/#website\"},\"primaryImageOfPage\":{\"@id\":\"https:\/\/www.edugestio.com\/web\/app-a-mida-per-a-escoles\/#primaryimage\"},\"image\":{\"@id\":\"https:\/\/www.edugestio.com\/web\/app-a-mida-per-a-escoles\/#primaryimage\"},\"thumbnailUrl\":\"https:\/\/www.edugestio.com\/web\/wp-content\/uploads\/2020\/04\/Disseny_App_OK-565x1024.jpg\",\"datePublished\":\"2017-03-06T14:58:05+00:00\",\"dateModified\":\"2025-12-03T14:25:40+00:00\",\"breadcrumb\":{\"@id\":\"https:\/\/www.edugestio.com\/web\/app-a-mida-per-a-escoles\/#breadcrumb\"},\"inLanguage\":\"es\",\"potentialAction\":[{\"@type\":\"ReadAction\",\"target\":[\"https:\/\/www.edugestio.com\/web\/app-a-mida-per-a-escoles\/\"]}]},{\"@type\":\"ImageObject\",\"inLanguage\":\"es\",\"@id\":\"https:\/\/www.edugestio.com\/web\/app-a-mida-per-a-escoles\/#primaryimage\",\"url\":\"https:\/\/www.edugestio.com\/web\/wp-content\/uploads\/2020\/04\/Disseny_App_OK.jpg\",\"contentUrl\":\"https:\/\/www.edugestio.com\/web\/wp-content\/uploads\/2020\/04\/Disseny_App_OK.jpg\",\"width\":900,\"height\":1632},{\"@type\":\"BreadcrumbList\",\"@id\":\"https:\/\/www.edugestio.com\/web\/app-a-mida-per-a-escoles\/#breadcrumb\",\"itemListElement\":[{\"@type\":\"ListItem\",\"position\":1,\"name\":\"Inici\",\"item\":\"https:\/\/www.edugestio.com\/web\/\"},{\"@type\":\"ListItem\",\"position\":2,\"name\":\"App a mida per a escoles\"}]},{\"@type\":\"WebSite\",\"@id\":\"https:\/\/www.edugestio.com\/web\/#website\",\"url\":\"https:\/\/www.edugestio.com\/web\/\",\"name\":\"Edugesti\u00f3\",\"description\":\"Serveis i aplicacions completaris al vostre programa de gesti\u00f3\",\"potentialAction\":[{\"@type\":\"SearchAction\",\"target\":{\"@type\":\"EntryPoint\",\"urlTemplate\":\"https:\/\/www.edugestio.com\/web\/?s={search_term_string}\"},\"query-input\":{\"@type\":\"PropertyValueSpecification\",\"valueRequired\":true,\"valueName\":\"search_term_string\"}}],\"inLanguage\":\"es\"}]}<\/script>\n<!-- \/ Yoast SEO plugin. -->","yoast_head_json":{"title":"App a mida per a escoles - Edugesti\u00f3","robots":{"index":"index","follow":"follow","max-snippet":"max-snippet:-1","max-image-preview":"max-image-preview:large","max-video-preview":"max-video-preview:-1"},"canonical":"https:\/\/www.edugestio.com\/web\/app-a-mida-per-a-escoles\/","og_locale":"es_ES","og_type":"article","og_title":"App a mida per a escoles - Edugesti\u00f3","og_description":"Creem l&#8217;App a mida del vostre centre o AFA per millorar la comunicaci\u00f3 amb les families i alumnes L\u2019App disposa de les seg\u00fcents funcionalitats: Si vols m\u00e9s informaci\u00f3 sobre l&#8217;App escola o exemples de funcionament posa\u2019t en contacte amb nosaltres.","og_url":"https:\/\/www.edugestio.com\/web\/app-a-mida-per-a-escoles\/","og_site_name":"Edugesti\u00f3","article_modified_time":"2025-12-03T14:25:40+00:00","og_image":[{"width":900,"height":1632,"url":"https:\/\/www.edugestio.com\/web\/wp-content\/uploads\/2020\/04\/Disseny_App_OK.jpg","type":"image\/jpeg"}],"twitter_card":"summary_large_image","twitter_misc":{"Tiempo de lectura":"3 minutos"},"schema":{"@context":"https:\/\/schema.org","@graph":[{"@type":"WebPage","@id":"https:\/\/www.edugestio.com\/web\/app-a-mida-per-a-escoles\/","url":"https:\/\/www.edugestio.com\/web\/app-a-mida-per-a-escoles\/","name":"App a mida per a escoles - Edugesti\u00f3","isPartOf":{"@id":"https:\/\/www.edugestio.com\/web\/#website"},"primaryImageOfPage":{"@id":"https:\/\/www.edugestio.com\/web\/app-a-mida-per-a-escoles\/#primaryimage"},"image":{"@id":"https:\/\/www.edugestio.com\/web\/app-a-mida-per-a-escoles\/#primaryimage"},"thumbnailUrl":"https:\/\/www.edugestio.com\/web\/wp-content\/uploads\/2020\/04\/Disseny_App_OK-565x1024.jpg","datePublished":"2017-03-06T14:58:05+00:00","dateModified":"2025-12-03T14:25:40+00:00","breadcrumb":{"@id":"https:\/\/www.edugestio.com\/web\/app-a-mida-per-a-escoles\/#breadcrumb"},"inLanguage":"es","potentialAction":[{"@type":"ReadAction","target":["https:\/\/www.edugestio.com\/web\/app-a-mida-per-a-escoles\/"]}]},{"@type":"ImageObject","inLanguage":"es","@id":"https:\/\/www.edugestio.com\/web\/app-a-mida-per-a-escoles\/#primaryimage","url":"https:\/\/www.edugestio.com\/web\/wp-content\/uploads\/2020\/04\/Disseny_App_OK.jpg","contentUrl":"https:\/\/www.edugestio.com\/web\/wp-content\/uploads\/2020\/04\/Disseny_App_OK.jpg","width":900,"height":1632},{"@type":"BreadcrumbList","@id":"https:\/\/www.edugestio.com\/web\/app-a-mida-per-a-escoles\/#breadcrumb","itemListElement":[{"@type":"ListItem","position":1,"name":"Inici","item":"https:\/\/www.edugestio.com\/web\/"},{"@type":"ListItem","position":2,"name":"App a mida per a escoles"}]},{"@type":"WebSite","@id":"https:\/\/www.edugestio.com\/web\/#website","url":"https:\/\/www.edugestio.com\/web\/","name":"Edugesti\u00f3","description":"Serveis i aplicacions completaris al vostre programa de gesti\u00f3","potentialAction":[{"@type":"SearchAction","target":{"@type":"EntryPoint","urlTemplate":"https:\/\/www.edugestio.com\/web\/?s={search_term_string}"},"query-input":{"@type":"PropertyValueSpecification","valueRequired":true,"valueName":"search_term_string"}}],"inLanguage":"es"}]}},"_links":{"self":[{"href":"https:\/\/www.edugestio.com\/web\/wp-json\/wp\/v2\/pages\/12","targetHints":{"allow":["GET"]}}],"collection":[{"href":"https:\/\/www.edugestio.com\/web\/wp-json\/wp\/v2\/pages"}],"about":[{"href":"https:\/\/www.edugestio.com\/web\/wp-json\/wp\/v2\/types\/page"}],"author":[{"embeddable":true,"href":"https:\/\/www.edugestio.com\/web\/wp-json\/wp\/v2\/users\/1"}],"replies":[{"embeddable":true,"href":"https:\/\/www.edugestio.com\/web\/wp-json\/wp\/v2\/comments?post=12"}],"version-history":[{"count":73,"href":"https:\/\/www.edugestio.com\/web\/wp-json\/wp\/v2\/pages\/12\/revisions"}],"predecessor-version":[{"id":1121,"href":"https:\/\/www.edugestio.com\/web\/wp-json\/wp\/v2\/pages\/12\/revisions\/1121"}],"wp:attachment":[{"href":"https:\/\/www.edugestio.com\/web\/wp-json\/wp\/v2\/media?parent=12"}],"curies":[{"name":"wp","href":"https:\/\/api.w.org\/{rel}","templated":true}]}}