{"id":13,"date":"2017-03-06T14:58:06","date_gmt":"2017-03-06T14:58:06","guid":{"rendered":"http:\/\/www.edugestio.com\/web\/?page_id=13"},"modified":"2025-12-03T14:21:51","modified_gmt":"2025-12-03T14:21:51","slug":"comunicapp-edu","status":"publish","type":"page","link":"https:\/\/www.edugestio.com\/web\/comunicapp-edu\/","title":{"rendered":"ComunicAPP Edu"},"content":{"rendered":"\n<div style=\"height:25px\" aria-hidden=\"true\" class=\"wp-block-spacer\"><\/div>\n\n\n<div class=\"wp-block-image\">\n<figure class=\"aligncenter size-full is-resized\"><img loading=\"lazy\" decoding=\"async\" width=\"782\" height=\"168\" src=\"https:\/\/www.edugestio.com\/web\/wp-content\/uploads\/2022\/09\/comunicAPPEDU.png\" alt=\"\" class=\"wp-image-657\" style=\"width:400px;height:undefinedpx\" srcset=\"https:\/\/www.edugestio.com\/web\/wp-content\/uploads\/2022\/09\/comunicAPPEDU.png 782w, https:\/\/www.edugestio.com\/web\/wp-content\/uploads\/2022\/09\/comunicAPPEDU-300x64.png 300w, https:\/\/www.edugestio.com\/web\/wp-content\/uploads\/2022\/09\/comunicAPPEDU-768x165.png 768w\" sizes=\"auto, (max-width: 782px) 100vw, 782px\" \/><\/figure>\n<\/div>\n\n\n<h2 class=\"wp-block-heading has-text-align-center\"><b>la millor App per<\/b> <b>escoles, instituts, acad\u00e8mies i AFAs<\/b><\/h2>\n\n\n\n<div style=\"height:50px\" aria-hidden=\"true\" class=\"wp-block-spacer\"><\/div>\n\n\n\n<div class=\"wp-block-columns is-layout-flex wp-container-core-columns-is-layout-9d6595d7 wp-block-columns-is-layout-flex\">\n<div class=\"wp-block-column is-layout-flow wp-block-column-is-layout-flow\">\n<h2 class=\"wp-block-heading\">Amb l\u2019App tot s\u00f3n avantatges:<\/h2>\n\n\n\n<ul class=\"wp-block-list\">\n<li>Contribu\u00efm a cuidar el medi ambient estalviant paper, ja que tots els\u00a0<strong>documents, circulars i arxius arriben als dispositius de les fam\u00edlies en format digital<\/strong>.<\/li>\n\n\n\n<li>\u00c9s la m\u00e9s avan\u00e7ada tecnol\u00f2gicament.<\/li>\n\n\n\n<li>La m\u00e9s senzilla pels pares, simple i efectiva.<\/li>\n\n\n\n<li>La gesti\u00f3 de l&#8217;escola \u00e9s intu\u00eftiva i adaptada a les necessitats reals de comunicaci\u00f3.<\/li>\n\n\n\n<li>Amb <strong>assist\u00e8ncia t\u00e8cnica<\/strong> tant a escoles com a fam\u00edlies.<\/li>\n\n\n\n<li>Disponible gratu\u00eftament per a les fam\u00edlies (m\u00f2bils Android i iPhone)<\/li>\n\n\n\n<li>Som una empresa catalana.<\/li>\n<\/ul>\n<\/div>\n\n\n\n<div class=\"wp-block-column is-layout-flow wp-block-column-is-layout-flow\">\n<figure class=\"wp-block-embed aligncenter is-type-video is-provider-youtube wp-block-embed-youtube wp-embed-aspect-4-3 wp-has-aspect-ratio\"><div class=\"wp-block-embed__wrapper\">\n<iframe loading=\"lazy\" title=\"ComunicApp Edu 2021\" width=\"500\" height=\"375\" src=\"https:\/\/www.youtube.com\/embed\/HE8_q05Sglg?feature=oembed\" frameborder=\"0\" allow=\"accelerometer; autoplay; clipboard-write; encrypted-media; gyroscope; picture-in-picture; web-share\" referrerpolicy=\"strict-origin-when-cross-origin\" allowfullscreen><\/iframe>\n<\/div><\/figure>\n<\/div>\n<\/div>\n\n\n\n<div style=\"height:50px\" aria-hidden=\"true\" class=\"wp-block-spacer\"><\/div>\n\n\n\n<h2 class=\"wp-block-heading\">L\u2019App disposa de les seg\u00fcents funcionalitats:<\/h2>\n\n\n<figure class=\"wp-block-table\">\n<table>\n<tbody>\n<tr>\n<td width=\"250\"><strong>\u00b7 Comunicats:<\/strong><\/td>\n<td>Missatges gratu\u00efts a fam\u00edlies, individuals o per grups, amb arxius adjunts, confirmaci\u00f3 de lectura i possibilitat de resposta.&nbsp;<\/td>\n<\/tr>\n<tr>\n<td><strong>\u00b7 Pagaments TPV: <\/strong><\/td>\n<td>Sistema de pagaments online, enlla\u00e7at amb el vostre banc (nosaltres no cobrem cap comissi\u00f3 per pagament).&nbsp;<\/td>\n<\/tr>\n<tr>\n<td><strong>\u00b7 Autoritzacions digitals:<\/strong><\/td>\n<td>Sortides, justificaci\u00f3 faltes, drets d\u2019imatge, recollides, &#8230; es poden signar amb el dit des de l\u2019App, sense generar un sol paper!&nbsp;<\/td>\n<\/tr>\n<tr>\n<td><strong>\u00b7 Control assist\u00e8ncia:<\/strong><\/td>\n<td>Es pot passar llista des de l\u2019App o web i el sistema envia missatges autom\u00e0tics a les fam\u00edlies.&nbsp;<\/td>\n<\/tr>\n<tr>\n<td><strong>\u00b7 Avaluacions:<\/strong><\/td>\n<td>Es poden penjar les avaluacions i informes dels alumnes i la fam\u00edlia les consulta amb un clic!&nbsp;<\/td>\n<\/tr>\n<tr>\n<td><strong>\u00b7 Altres:<\/strong><\/td>\n<td>Agenda escolar, llistat de documents, informaci\u00f3 del centre, gesti\u00f3 menjador, alumnes vinculats, formulari de contacte, enquestes, botiga virtual per vendre els productes de l\u2019AFA, material, llibres, etc.<\/td>\n<\/tr>\n<\/tbody>\n<\/table>\n<\/figure>\n\n\n<div style=\"height:50px\" aria-hidden=\"true\" class=\"wp-block-spacer\"><\/div>\n\n\n\n<div class=\"wp-block-cover alignfull\" style=\"margin-top:0;padding-top:5vw;padding-right:5vw;padding-bottom:5vw;padding-left:5vw\"><img loading=\"lazy\" decoding=\"async\" width=\"910\" height=\"500\" class=\"wp-block-cover__image-background wp-image-1105 size-full\" alt=\"\" src=\"https:\/\/www.edugestio.com\/web\/wp-content\/uploads\/2025\/12\/banner_app_cat.jpg\" data-object-fit=\"cover\" srcset=\"https:\/\/www.edugestio.com\/web\/wp-content\/uploads\/2025\/12\/banner_app_cat.jpg 910w, https:\/\/www.edugestio.com\/web\/wp-content\/uploads\/2025\/12\/banner_app_cat-300x165.jpg 300w, https:\/\/www.edugestio.com\/web\/wp-content\/uploads\/2025\/12\/banner_app_cat-768x422.jpg 768w\" sizes=\"auto, (max-width: 910px) 100vw, 910px\" \/><span aria-hidden=\"true\" class=\"wp-block-cover__background has-black-background-color has-background-dim\"><\/span><div class=\"wp-block-cover__inner-container is-layout-flow wp-block-cover-is-layout-flow\">\n<div class=\"wp-block-group is-layout-flex wp-container-core-group-is-layout-7f408244 wp-block-group-is-layout-flex\">\n<div class=\"wp-block-group wp-container-content-9cfa9a5a\"><div class=\"wp-block-group__inner-container is-layout-flow wp-block-group-is-layout-flow\">\n<p class=\"has-text-align-left has-white-color has-text-color\" style=\"font-size:28px;font-style:normal;font-weight:700;letter-spacing:-2px;line-height:0.9;text-transform:none\">M\u00e9s de 400 centres educatius ja confien en els nostres serveis<\/p>\n\n\n\n<div style=\"height:25px;width:0px\" aria-hidden=\"true\" class=\"wp-block-spacer\"><\/div>\n<\/div><\/div>\n\n\n\n<div class=\"wp-block-group wp-container-content-5b91cf2b is-vertical is-nowrap is-layout-flex wp-container-core-group-is-layout-07e09966 wp-block-group-is-layout-flex\">\n<div class=\"wp-block-buttons is-layout-flex wp-block-buttons-is-layout-flex\">\n<div class=\"wp-block-button\"><a class=\"wp-block-button__link has-vivid-green-cyan-background-color has-background has-text-align-center wp-element-button\" href=\"https:\/\/www.edugestio.com\/web\/contacta-2\/\">Demana informaci\u00f3!<\/a><\/div>\n<\/div>\n<\/div>\n<\/div>\n<\/div><\/div>\n\n\n\n<div style=\"height:25px\" aria-hidden=\"true\" class=\"wp-block-spacer\"><\/div>\n\n\n\n<div class=\"wp-block-columns is-layout-flex wp-container-core-columns-is-layout-9d6595d7 wp-block-columns-is-layout-flex\">\n<div class=\"wp-block-column is-layout-flow wp-block-column-is-layout-flow\"><\/div>\n\n\n\n<div class=\"wp-block-column is-layout-flow wp-block-column-is-layout-flow\">\n<figure class=\"wp-block-image size-full\"><a href=\"https:\/\/play.google.com\/store\/apps\/details?id=com.dumainteractiva.comunicapp\" target=\"_blank\" rel=\"noreferrer noopener\"><img loading=\"lazy\" decoding=\"async\" width=\"428\" height=\"126\" src=\"https:\/\/www.edugestio.com\/web\/wp-content\/uploads\/2022\/11\/android_store_cat.png\" alt=\"\" class=\"wp-image-749\" srcset=\"https:\/\/www.edugestio.com\/web\/wp-content\/uploads\/2022\/11\/android_store_cat.png 428w, https:\/\/www.edugestio.com\/web\/wp-content\/uploads\/2022\/11\/android_store_cat-300x88.png 300w\" sizes=\"auto, (max-width: 428px) 100vw, 428px\" \/><\/a><\/figure>\n<\/div>\n\n\n\n<div class=\"wp-block-column is-layout-flow wp-block-column-is-layout-flow\">\n<figure class=\"wp-block-image size-full\"><a href=\"https:\/\/apps.apple.com\/es\/app\/comunicapp-edu\/id888324091\" target=\"_blank\" rel=\"noreferrer noopener\"><img loading=\"lazy\" decoding=\"async\" width=\"428\" height=\"126\" src=\"https:\/\/www.edugestio.com\/web\/wp-content\/uploads\/2022\/11\/ios_store_cat.png\" alt=\"\" class=\"wp-image-750\" srcset=\"https:\/\/www.edugestio.com\/web\/wp-content\/uploads\/2022\/11\/ios_store_cat.png 428w, https:\/\/www.edugestio.com\/web\/wp-content\/uploads\/2022\/11\/ios_store_cat-300x88.png 300w\" sizes=\"auto, (max-width: 428px) 100vw, 428px\" \/><\/a><\/figure>\n<\/div>\n\n\n\n<div class=\"wp-block-column is-layout-flow wp-block-column-is-layout-flow\"><\/div>\n<\/div>\n\n\n\n<div style=\"height:20px\" aria-hidden=\"true\" class=\"wp-block-spacer\"><\/div>\n\n\n\n<h2 class=\"wp-block-heading has-text-align-center\">Vols fer una demo?<\/h2>\n\n\n\n<div style=\"height:25px\" aria-hidden=\"true\" class=\"wp-block-spacer\"><\/div>\n\n\n\n<div class=\"wp-block-group has-pale-ocean-gradient-background has-background\"><div class=\"wp-block-group__inner-container is-layout-constrained wp-block-group-is-layout-constrained\">\n<div style=\"height:25px\" aria-hidden=\"true\" class=\"wp-block-spacer\"><\/div>\n\n\n\n<h2 class=\"wp-block-heading has-text-align-center\">Contacta amb nosaltres<\/h2>\n\n\n\n<p class=\"has-text-align-center\" style=\"font-size:16px\">Si vols m\u00e9s informaci\u00f3 o exemples de funcionament posa\u2019t en contacte amb nosaltres<\/p>\n\n\n\n<div class=\"wp-block-group is-content-justification-center is-nowrap is-layout-flex wp-container-core-group-is-layout-94bc23d7 wp-block-group-is-layout-flex\">\n<p class=\"has-text-align-center\"><img decoding=\"async\" draggable=\"false\" role=\"img\" class=\"emoji\" alt=\"tel\" src=\"https:\/\/s.w.org\/images\/core\/emoji\/16.0.1\/svg\/1f4de.svg\"> <strong>930.133.503<\/strong><\/p>\n\n\n\n<p><\/p>\n\n\n\n<p class=\"has-text-align-center\"><img decoding=\"async\" draggable=\"false\" role=\"img\" class=\"emoji\" alt=\"email\" src=\"https:\/\/s.w.org\/images\/core\/emoji\/16.0.1\/svg\/1f4e7.svg\"> <a href=\"mailto:info@dumainteractiva.com\"><strong>info@dumainteractiva.com<\/strong><\/a><\/p>\n<\/div>\n\n\n\n<div style=\"height:25px\" aria-hidden=\"true\" class=\"wp-block-spacer\"><\/div>\n\n\n\n<div class=\"wp-block-buttons is-content-justification-center is-layout-flex wp-container-core-buttons-is-layout-16018d1d wp-block-buttons-is-layout-flex\">\n<div class=\"wp-block-button\"><a class=\"wp-block-button__link has-vivid-cyan-blue-background-color has-background has-text-align-center wp-element-button\" href=\"https:\/\/www.edugestio.com\/web\/contacta-2\/\">Demana informaci\u00f3!<\/a><\/div>\n<\/div>\n\n\n\n<div style=\"height:25px\" aria-hidden=\"true\" class=\"wp-block-spacer\"><\/div>\n<\/div><\/div>\n\n\n\n<p><\/p>\n","protected":false},"excerpt":{"rendered":"<p class=\"qua-blog-post-description\">la millor App per escoles, instituts, acad\u00e8mies i AFAs Amb l\u2019App tot s\u00f3n avantatges: L\u2019App disposa de les seg\u00fcents funcionalitats: \u00b7 Comunicats: Missatges gratu\u00efts a fam\u00edlies, individuals o per grups, amb arxius adjunts, confirmaci\u00f3 de lectura i possibilitat de resposta.&nbsp; \u00b7 Pagaments TPV: Sistema de pagaments online, enlla\u00e7at amb el vostre banc (nosaltres no cobrem [&hellip;]<\/p>\n","protected":false},"author":1,"featured_media":0,"parent":0,"menu_order":0,"comment_status":"closed","ping_status":"closed","template":"","meta":{"footnotes":""},"class_list":["post-13","page","type-page","status-publish","hentry"],"yoast_head":"<!-- This site is optimized with the Yoast SEO plugin v27.2 - https:\/\/yoast.com\/product\/yoast-seo-wordpress\/ -->\n<title>ComunicAPP Edu - Edugesti\u00f3<\/title>\n<meta name=\"robots\" content=\"index, follow, max-snippet:-1, max-image-preview:large, max-video-preview:-1\" \/>\n<link rel=\"canonical\" href=\"https:\/\/www.edugestio.com\/web\/comunicapp-edu\/\" \/>\n<meta property=\"og:locale\" content=\"es_ES\" \/>\n<meta property=\"og:type\" content=\"article\" \/>\n<meta property=\"og:title\" content=\"ComunicAPP Edu - Edugesti\u00f3\" \/>\n<meta property=\"og:description\" content=\"la millor App per escoles, instituts, acad\u00e8mies i AFAs Amb l\u2019App tot s\u00f3n avantatges: L\u2019App disposa de les seg\u00fcents funcionalitats: \u00b7 Comunicats: Missatges gratu\u00efts a fam\u00edlies, individuals o per grups, amb arxius adjunts, confirmaci\u00f3 de lectura i possibilitat de resposta.&nbsp; \u00b7 Pagaments TPV: Sistema de pagaments online, enlla\u00e7at amb el vostre banc (nosaltres no cobrem [&hellip;]\" \/>\n<meta property=\"og:url\" content=\"https:\/\/www.edugestio.com\/web\/comunicapp-edu\/\" \/>\n<meta property=\"og:site_name\" content=\"Edugesti\u00f3\" \/>\n<meta property=\"article:modified_time\" content=\"2025-12-03T14:21:51+00:00\" \/>\n<meta property=\"og:image\" content=\"https:\/\/www.edugestio.com\/web\/wp-content\/uploads\/2022\/09\/comunicAPPEDU.png\" \/>\n\t<meta property=\"og:image:width\" content=\"782\" \/>\n\t<meta property=\"og:image:height\" content=\"168\" \/>\n\t<meta property=\"og:image:type\" content=\"image\/png\" \/>\n<meta name=\"twitter:card\" content=\"summary_large_image\" \/>\n<meta name=\"twitter:label1\" content=\"Tiempo de lectura\" \/>\n\t<meta name=\"twitter:data1\" content=\"3 minutos\" \/>\n<script type=\"application\/ld+json\" class=\"yoast-schema-graph\">{\"@context\":\"https:\/\/schema.org\",\"@graph\":[{\"@type\":\"WebPage\",\"@id\":\"https:\/\/www.edugestio.com\/web\/comunicapp-edu\/\",\"url\":\"https:\/\/www.edugestio.com\/web\/comunicapp-edu\/\",\"name\":\"ComunicAPP Edu - Edugesti\u00f3\",\"isPartOf\":{\"@id\":\"https:\/\/www.edugestio.com\/web\/#website\"},\"primaryImageOfPage\":{\"@id\":\"https:\/\/www.edugestio.com\/web\/comunicapp-edu\/#primaryimage\"},\"image\":{\"@id\":\"https:\/\/www.edugestio.com\/web\/comunicapp-edu\/#primaryimage\"},\"thumbnailUrl\":\"https:\/\/www.edugestio.com\/web\/wp-content\/uploads\/2022\/09\/comunicAPPEDU.png\",\"datePublished\":\"2017-03-06T14:58:06+00:00\",\"dateModified\":\"2025-12-03T14:21:51+00:00\",\"breadcrumb\":{\"@id\":\"https:\/\/www.edugestio.com\/web\/comunicapp-edu\/#breadcrumb\"},\"inLanguage\":\"es\",\"potentialAction\":[{\"@type\":\"ReadAction\",\"target\":[\"https:\/\/www.edugestio.com\/web\/comunicapp-edu\/\"]}]},{\"@type\":\"ImageObject\",\"inLanguage\":\"es\",\"@id\":\"https:\/\/www.edugestio.com\/web\/comunicapp-edu\/#primaryimage\",\"url\":\"https:\/\/www.edugestio.com\/web\/wp-content\/uploads\/2022\/09\/comunicAPPEDU.png\",\"contentUrl\":\"https:\/\/www.edugestio.com\/web\/wp-content\/uploads\/2022\/09\/comunicAPPEDU.png\",\"width\":782,\"height\":168},{\"@type\":\"BreadcrumbList\",\"@id\":\"https:\/\/www.edugestio.com\/web\/comunicapp-edu\/#breadcrumb\",\"itemListElement\":[{\"@type\":\"ListItem\",\"position\":1,\"name\":\"Inici\",\"item\":\"https:\/\/www.edugestio.com\/web\/\"},{\"@type\":\"ListItem\",\"position\":2,\"name\":\"ComunicAPP Edu\"}]},{\"@type\":\"WebSite\",\"@id\":\"https:\/\/www.edugestio.com\/web\/#website\",\"url\":\"https:\/\/www.edugestio.com\/web\/\",\"name\":\"Edugesti\u00f3\",\"description\":\"Serveis i aplicacions completaris al vostre programa de gesti\u00f3\",\"potentialAction\":[{\"@type\":\"SearchAction\",\"target\":{\"@type\":\"EntryPoint\",\"urlTemplate\":\"https:\/\/www.edugestio.com\/web\/?s={search_term_string}\"},\"query-input\":{\"@type\":\"PropertyValueSpecification\",\"valueRequired\":true,\"valueName\":\"search_term_string\"}}],\"inLanguage\":\"es\"}]}<\/script>\n<!-- \/ Yoast SEO plugin. -->","yoast_head_json":{"title":"ComunicAPP Edu - Edugesti\u00f3","robots":{"index":"index","follow":"follow","max-snippet":"max-snippet:-1","max-image-preview":"max-image-preview:large","max-video-preview":"max-video-preview:-1"},"canonical":"https:\/\/www.edugestio.com\/web\/comunicapp-edu\/","og_locale":"es_ES","og_type":"article","og_title":"ComunicAPP Edu - Edugesti\u00f3","og_description":"la millor App per escoles, instituts, acad\u00e8mies i AFAs Amb l\u2019App tot s\u00f3n avantatges: L\u2019App disposa de les seg\u00fcents funcionalitats: \u00b7 Comunicats: Missatges gratu\u00efts a fam\u00edlies, individuals o per grups, amb arxius adjunts, confirmaci\u00f3 de lectura i possibilitat de resposta.&nbsp; \u00b7 Pagaments TPV: Sistema de pagaments online, enlla\u00e7at amb el vostre banc (nosaltres no cobrem [&hellip;]","og_url":"https:\/\/www.edugestio.com\/web\/comunicapp-edu\/","og_site_name":"Edugesti\u00f3","article_modified_time":"2025-12-03T14:21:51+00:00","og_image":[{"width":782,"height":168,"url":"https:\/\/www.edugestio.com\/web\/wp-content\/uploads\/2022\/09\/comunicAPPEDU.png","type":"image\/png"}],"twitter_card":"summary_large_image","twitter_misc":{"Tiempo de lectura":"3 minutos"},"schema":{"@context":"https:\/\/schema.org","@graph":[{"@type":"WebPage","@id":"https:\/\/www.edugestio.com\/web\/comunicapp-edu\/","url":"https:\/\/www.edugestio.com\/web\/comunicapp-edu\/","name":"ComunicAPP Edu - Edugesti\u00f3","isPartOf":{"@id":"https:\/\/www.edugestio.com\/web\/#website"},"primaryImageOfPage":{"@id":"https:\/\/www.edugestio.com\/web\/comunicapp-edu\/#primaryimage"},"image":{"@id":"https:\/\/www.edugestio.com\/web\/comunicapp-edu\/#primaryimage"},"thumbnailUrl":"https:\/\/www.edugestio.com\/web\/wp-content\/uploads\/2022\/09\/comunicAPPEDU.png","datePublished":"2017-03-06T14:58:06+00:00","dateModified":"2025-12-03T14:21:51+00:00","breadcrumb":{"@id":"https:\/\/www.edugestio.com\/web\/comunicapp-edu\/#breadcrumb"},"inLanguage":"es","potentialAction":[{"@type":"ReadAction","target":["https:\/\/www.edugestio.com\/web\/comunicapp-edu\/"]}]},{"@type":"ImageObject","inLanguage":"es","@id":"https:\/\/www.edugestio.com\/web\/comunicapp-edu\/#primaryimage","url":"https:\/\/www.edugestio.com\/web\/wp-content\/uploads\/2022\/09\/comunicAPPEDU.png","contentUrl":"https:\/\/www.edugestio.com\/web\/wp-content\/uploads\/2022\/09\/comunicAPPEDU.png","width":782,"height":168},{"@type":"BreadcrumbList","@id":"https:\/\/www.edugestio.com\/web\/comunicapp-edu\/#breadcrumb","itemListElement":[{"@type":"ListItem","position":1,"name":"Inici","item":"https:\/\/www.edugestio.com\/web\/"},{"@type":"ListItem","position":2,"name":"ComunicAPP Edu"}]},{"@type":"WebSite","@id":"https:\/\/www.edugestio.com\/web\/#website","url":"https:\/\/www.edugestio.com\/web\/","name":"Edugesti\u00f3","description":"Serveis i aplicacions completaris al vostre programa de gesti\u00f3","potentialAction":[{"@type":"SearchAction","target":{"@type":"EntryPoint","urlTemplate":"https:\/\/www.edugestio.com\/web\/?s={search_term_string}"},"query-input":{"@type":"PropertyValueSpecification","valueRequired":true,"valueName":"search_term_string"}}],"inLanguage":"es"}]}},"_links":{"self":[{"href":"https:\/\/www.edugestio.com\/web\/wp-json\/wp\/v2\/pages\/13","targetHints":{"allow":["GET"]}}],"collection":[{"href":"https:\/\/www.edugestio.com\/web\/wp-json\/wp\/v2\/pages"}],"about":[{"href":"https:\/\/www.edugestio.com\/web\/wp-json\/wp\/v2\/types\/page"}],"author":[{"embeddable":true,"href":"https:\/\/www.edugestio.com\/web\/wp-json\/wp\/v2\/users\/1"}],"replies":[{"embeddable":true,"href":"https:\/\/www.edugestio.com\/web\/wp-json\/wp\/v2\/comments?post=13"}],"version-history":[{"count":110,"href":"https:\/\/www.edugestio.com\/web\/wp-json\/wp\/v2\/pages\/13\/revisions"}],"predecessor-version":[{"id":1119,"href":"https:\/\/www.edugestio.com\/web\/wp-json\/wp\/v2\/pages\/13\/revisions\/1119"}],"wp:attachment":[{"href":"https:\/\/www.edugestio.com\/web\/wp-json\/wp\/v2\/media?parent=13"}],"curies":[{"name":"wp","href":"https:\/\/api.w.org\/{rel}","templated":true}]}}