{"id":573,"date":"2022-01-12T11:57:16","date_gmt":"2022-01-12T11:57:16","guid":{"rendered":"https:\/\/www.edugestio.com\/web\/?page_id=573"},"modified":"2024-09-02T14:02:25","modified_gmt":"2024-09-02T14:02:25","slug":"inici-2","status":"publish","type":"page","link":"https:\/\/www.edugestio.com\/web\/","title":{"rendered":"Inici"},"content":{"rendered":"\n<div class=\"section-header\">\n<p>ComunicAPP EDU<!--9--><\/p>\n<h1 class=\"widget-title\">La millor App per\u00a0escoles, instituts, acad\u00e8mies i AFAs<\/h1><hr class=\"divider\">\n<\/div>\n\n\n\n<p class=\"has-text-align-center\"><iframe loading=\"lazy\" src=\"https:\/\/www.youtube.com\/embed\/HE8_q05Sglg\" allowfullscreen=\"allowfullscreen\" width=\"720\" height=\"540\" frameborder=\"0\">&amp;amp;amp;lt;span style=\u00bbdisplay: inline-block; width: 0px; overflow: hidden; line-height: 0;\u00bb data-mce-type=\u00bbbookmark\u00bb class=\u00bbmce_SELRES_start\u00bb>&amp;amp;amp;lt;<\/iframe><\/p>\n\n\n\n<ul class=\"wp-block-list\">\n<li>Amb l\u2019App contribu\u00efm a cuidar el medi ambient estalviant paper, ja que tots els&nbsp;<strong>documents, circulars i arxius arriben als dispositius de les fam\u00edlies en format digital<\/strong>.<\/li>\n\n\n\n<li>\u00c9s la m\u00e9s avan\u00e7ada tecnol\u00f2gicament.<\/li>\n\n\n\n<li>La m\u00e9s senzilla pels pares, simple i efectiva.<\/li>\n\n\n\n<li>La gesti\u00f3 de l\u2019escola \u00e9s intu\u00eftiva i adaptada a les necessitats reals de comunicaci\u00f3.<\/li>\n\n\n\n<li>Amb&nbsp;<strong>assist\u00e8ncia t\u00e8cnica<\/strong>&nbsp;tant a escoles com a fam\u00edlies.<\/li>\n\n\n\n<li>Disponible gratu\u00eftament per a les fam\u00edlies (m\u00f2bils Android i iPhone)<\/li>\n\n\n\n<li>Som una empresa catalana.<\/li>\n<\/ul>\n\n\n\n<div style=\"height:100px\" aria-hidden=\"true\" class=\"wp-block-spacer\"><\/div>\n\n\n\n<div class=\"wp-block-columns has-background is-layout-flex wp-container-core-columns-is-layout-9d6595d7 wp-block-columns-is-layout-flex\" style=\"background-color:#8dd2fc17\">\n<div class=\"wp-block-column is-vertically-aligned-center is-layout-flow wp-block-column-is-layout-flow\" style=\"flex-basis:33.33%\"><div class=\"wp-block-image\">\n<figure class=\"aligncenter size-full is-resized\"><img loading=\"lazy\" decoding=\"async\" width=\"350\" height=\"236\" src=\"https:\/\/www.edugestio.com\/web\/wp-content\/uploads\/2024\/09\/Duma_logo_2022-transparent-1024x691-350x236-1.png\" alt=\"\" class=\"wp-image-901\" style=\"width:150px\" srcset=\"https:\/\/www.edugestio.com\/web\/wp-content\/uploads\/2024\/09\/Duma_logo_2022-transparent-1024x691-350x236-1.png 350w, https:\/\/www.edugestio.com\/web\/wp-content\/uploads\/2024\/09\/Duma_logo_2022-transparent-1024x691-350x236-1-300x202.png 300w\" sizes=\"auto, (max-width: 350px) 100vw, 350px\" \/><\/figure>\n<\/div><\/div>\n\n\n\n<div class=\"wp-block-column is-vertically-aligned-center is-layout-flow wp-block-column-is-layout-flow\" style=\"flex-basis:66.66%\">\n<p><strong>Edugesti\u00f3&nbsp;<\/strong>\u00e9s un servei de <a rel=\"noreferrer noopener\" href=\"https:\/\/www.dumainteractiva.com\/web\/ca\/\" target=\"_blank\">Duma Next<\/a>, formada per professionals de la tecnologia i la comunicaci\u00f3 amb m\u00e9s de 20 anys d\u2019experi\u00e8ncia.   <\/p>\n<\/div>\n<\/div>\n\n\n\n<div style=\"height:20px\" aria-hidden=\"true\" class=\"wp-block-spacer\"><\/div>\n","protected":false},"excerpt":{"rendered":"<p class=\"qua-blog-post-description\">ComunicAPP EDU La millor App per\u00a0escoles, instituts, acad\u00e8mies i AFAs &amp;amp;amp;lt;span style=\u00bbdisplay: inline-block; width: 0px; overflow: hidden; line-height: 0;\u00bb data-mce-type=\u00bbbookmark\u00bb class=\u00bbmce_SELRES_start\u00bb>&amp;amp;amp;lt; Edugesti\u00f3&nbsp;\u00e9s un servei de Duma Next, formada per professionals de la tecnologia i la comunicaci\u00f3 amb m\u00e9s de 20 anys d\u2019experi\u00e8ncia.<\/p>\n","protected":false},"author":1,"featured_media":0,"parent":0,"menu_order":0,"comment_status":"closed","ping_status":"closed","template":"template-business.php","meta":{"footnotes":""},"class_list":["post-573","page","type-page","status-publish","hentry"],"yoast_head":"<!-- This site is optimized with the Yoast SEO plugin v27.2 - https:\/\/yoast.com\/product\/yoast-seo-wordpress\/ -->\n<title>Inici - Edugesti\u00f3<\/title>\n<meta name=\"robots\" content=\"index, follow, max-snippet:-1, max-image-preview:large, max-video-preview:-1\" \/>\n<link rel=\"canonical\" href=\"https:\/\/www.edugestio.com\/web\/\" \/>\n<meta property=\"og:locale\" content=\"es_ES\" \/>\n<meta property=\"og:type\" content=\"article\" \/>\n<meta property=\"og:title\" content=\"Inici - Edugesti\u00f3\" \/>\n<meta property=\"og:description\" content=\"ComunicAPP EDU La millor App per\u00a0escoles, instituts, acad\u00e8mies i AFAs &amp;amp;amp;lt;span style=\u00bbdisplay: inline-block; width: 0px; overflow: hidden; line-height: 0;\u00bb data-mce-type=\u00bbbookmark\u00bb class=\u00bbmce_SELRES_start\u00bb&gt;&amp;amp;amp;lt; Edugesti\u00f3&nbsp;\u00e9s un servei de Duma Next, formada per professionals de la tecnologia i la comunicaci\u00f3 amb m\u00e9s de 20 anys d\u2019experi\u00e8ncia.\" \/>\n<meta property=\"og:url\" content=\"https:\/\/www.edugestio.com\/web\/\" \/>\n<meta property=\"og:site_name\" content=\"Edugesti\u00f3\" \/>\n<meta property=\"article:modified_time\" content=\"2024-09-02T14:02:25+00:00\" \/>\n<meta property=\"og:image\" content=\"https:\/\/www.edugestio.com\/web\/wp-content\/uploads\/2024\/09\/Duma_logo_2022-transparent-1024x691-350x236-1.png\" \/>\n<meta name=\"twitter:card\" content=\"summary_large_image\" \/>\n<meta name=\"twitter:label1\" content=\"Tiempo de lectura\" \/>\n\t<meta name=\"twitter:data1\" content=\"1 minuto\" \/>\n<script type=\"application\/ld+json\" class=\"yoast-schema-graph\">{\"@context\":\"https:\/\/schema.org\",\"@graph\":[{\"@type\":\"WebPage\",\"@id\":\"https:\/\/www.edugestio.com\/web\/\",\"url\":\"https:\/\/www.edugestio.com\/web\/\",\"name\":\"Inici - Edugesti\u00f3\",\"isPartOf\":{\"@id\":\"https:\/\/www.edugestio.com\/web\/#website\"},\"primaryImageOfPage\":{\"@id\":\"https:\/\/www.edugestio.com\/web\/#primaryimage\"},\"image\":{\"@id\":\"https:\/\/www.edugestio.com\/web\/#primaryimage\"},\"thumbnailUrl\":\"https:\/\/www.edugestio.com\/web\/wp-content\/uploads\/2024\/09\/Duma_logo_2022-transparent-1024x691-350x236-1.png\",\"datePublished\":\"2022-01-12T11:57:16+00:00\",\"dateModified\":\"2024-09-02T14:02:25+00:00\",\"breadcrumb\":{\"@id\":\"https:\/\/www.edugestio.com\/web\/#breadcrumb\"},\"inLanguage\":\"es\",\"potentialAction\":[{\"@type\":\"ReadAction\",\"target\":[\"https:\/\/www.edugestio.com\/web\/\"]}]},{\"@type\":\"ImageObject\",\"inLanguage\":\"es\",\"@id\":\"https:\/\/www.edugestio.com\/web\/#primaryimage\",\"url\":\"https:\/\/www.edugestio.com\/web\/wp-content\/uploads\/2024\/09\/Duma_logo_2022-transparent-1024x691-350x236-1.png\",\"contentUrl\":\"https:\/\/www.edugestio.com\/web\/wp-content\/uploads\/2024\/09\/Duma_logo_2022-transparent-1024x691-350x236-1.png\",\"width\":350,\"height\":236},{\"@type\":\"BreadcrumbList\",\"@id\":\"https:\/\/www.edugestio.com\/web\/#breadcrumb\",\"itemListElement\":[{\"@type\":\"ListItem\",\"position\":1,\"name\":\"Inici\",\"item\":\"https:\/\/www.edugestio.com\/web\/\"},{\"@type\":\"ListItem\",\"position\":2,\"name\":\"Inici\"}]},{\"@type\":\"WebSite\",\"@id\":\"https:\/\/www.edugestio.com\/web\/#website\",\"url\":\"https:\/\/www.edugestio.com\/web\/\",\"name\":\"Edugesti\u00f3\",\"description\":\"Serveis i aplicacions completaris al vostre programa de gesti\u00f3\",\"potentialAction\":[{\"@type\":\"SearchAction\",\"target\":{\"@type\":\"EntryPoint\",\"urlTemplate\":\"https:\/\/www.edugestio.com\/web\/?s={search_term_string}\"},\"query-input\":{\"@type\":\"PropertyValueSpecification\",\"valueRequired\":true,\"valueName\":\"search_term_string\"}}],\"inLanguage\":\"es\"}]}<\/script>\n<!-- \/ Yoast SEO plugin. -->","yoast_head_json":{"title":"Inici - Edugesti\u00f3","robots":{"index":"index","follow":"follow","max-snippet":"max-snippet:-1","max-image-preview":"max-image-preview:large","max-video-preview":"max-video-preview:-1"},"canonical":"https:\/\/www.edugestio.com\/web\/","og_locale":"es_ES","og_type":"article","og_title":"Inici - Edugesti\u00f3","og_description":"ComunicAPP EDU La millor App per\u00a0escoles, instituts, acad\u00e8mies i AFAs &amp;amp;amp;lt;span style=\u00bbdisplay: inline-block; width: 0px; overflow: hidden; line-height: 0;\u00bb data-mce-type=\u00bbbookmark\u00bb class=\u00bbmce_SELRES_start\u00bb>&amp;amp;amp;lt; Edugesti\u00f3&nbsp;\u00e9s un servei de Duma Next, formada per professionals de la tecnologia i la comunicaci\u00f3 amb m\u00e9s de 20 anys d\u2019experi\u00e8ncia.","og_url":"https:\/\/www.edugestio.com\/web\/","og_site_name":"Edugesti\u00f3","article_modified_time":"2024-09-02T14:02:25+00:00","og_image":[{"url":"https:\/\/www.edugestio.com\/web\/wp-content\/uploads\/2024\/09\/Duma_logo_2022-transparent-1024x691-350x236-1.png","type":"","width":"","height":""}],"twitter_card":"summary_large_image","twitter_misc":{"Tiempo de lectura":"1 minuto"},"schema":{"@context":"https:\/\/schema.org","@graph":[{"@type":"WebPage","@id":"https:\/\/www.edugestio.com\/web\/","url":"https:\/\/www.edugestio.com\/web\/","name":"Inici - Edugesti\u00f3","isPartOf":{"@id":"https:\/\/www.edugestio.com\/web\/#website"},"primaryImageOfPage":{"@id":"https:\/\/www.edugestio.com\/web\/#primaryimage"},"image":{"@id":"https:\/\/www.edugestio.com\/web\/#primaryimage"},"thumbnailUrl":"https:\/\/www.edugestio.com\/web\/wp-content\/uploads\/2024\/09\/Duma_logo_2022-transparent-1024x691-350x236-1.png","datePublished":"2022-01-12T11:57:16+00:00","dateModified":"2024-09-02T14:02:25+00:00","breadcrumb":{"@id":"https:\/\/www.edugestio.com\/web\/#breadcrumb"},"inLanguage":"es","potentialAction":[{"@type":"ReadAction","target":["https:\/\/www.edugestio.com\/web\/"]}]},{"@type":"ImageObject","inLanguage":"es","@id":"https:\/\/www.edugestio.com\/web\/#primaryimage","url":"https:\/\/www.edugestio.com\/web\/wp-content\/uploads\/2024\/09\/Duma_logo_2022-transparent-1024x691-350x236-1.png","contentUrl":"https:\/\/www.edugestio.com\/web\/wp-content\/uploads\/2024\/09\/Duma_logo_2022-transparent-1024x691-350x236-1.png","width":350,"height":236},{"@type":"BreadcrumbList","@id":"https:\/\/www.edugestio.com\/web\/#breadcrumb","itemListElement":[{"@type":"ListItem","position":1,"name":"Inici","item":"https:\/\/www.edugestio.com\/web\/"},{"@type":"ListItem","position":2,"name":"Inici"}]},{"@type":"WebSite","@id":"https:\/\/www.edugestio.com\/web\/#website","url":"https:\/\/www.edugestio.com\/web\/","name":"Edugesti\u00f3","description":"Serveis i aplicacions completaris al vostre programa de gesti\u00f3","potentialAction":[{"@type":"SearchAction","target":{"@type":"EntryPoint","urlTemplate":"https:\/\/www.edugestio.com\/web\/?s={search_term_string}"},"query-input":{"@type":"PropertyValueSpecification","valueRequired":true,"valueName":"search_term_string"}}],"inLanguage":"es"}]}},"_links":{"self":[{"href":"https:\/\/www.edugestio.com\/web\/wp-json\/wp\/v2\/pages\/573","targetHints":{"allow":["GET"]}}],"collection":[{"href":"https:\/\/www.edugestio.com\/web\/wp-json\/wp\/v2\/pages"}],"about":[{"href":"https:\/\/www.edugestio.com\/web\/wp-json\/wp\/v2\/types\/page"}],"author":[{"embeddable":true,"href":"https:\/\/www.edugestio.com\/web\/wp-json\/wp\/v2\/users\/1"}],"replies":[{"embeddable":true,"href":"https:\/\/www.edugestio.com\/web\/wp-json\/wp\/v2\/comments?post=573"}],"version-history":[{"count":33,"href":"https:\/\/www.edugestio.com\/web\/wp-json\/wp\/v2\/pages\/573\/revisions"}],"predecessor-version":[{"id":903,"href":"https:\/\/www.edugestio.com\/web\/wp-json\/wp\/v2\/pages\/573\/revisions\/903"}],"wp:attachment":[{"href":"https:\/\/www.edugestio.com\/web\/wp-json\/wp\/v2\/media?parent=573"}],"curies":[{"name":"wp","href":"https:\/\/api.w.org\/{rel}","templated":true}]}}