{"id":702,"date":"2022-11-08T15:04:09","date_gmt":"2022-11-08T15:04:09","guid":{"rendered":"https:\/\/www.edugestio.com\/web\/?page_id=702"},"modified":"2025-12-02T16:54:14","modified_gmt":"2025-12-02T16:54:14","slug":"programes-a-mida-al-nuvol","status":"publish","type":"page","link":"https:\/\/www.edugestio.com\/web\/programes-a-mida-al-nuvol\/","title":{"rendered":"Programes a mida al n\u00favol"},"content":{"rendered":"\n<p><strong>Desenvolupem tot tipus d&#8217;aplicacions inform\u00e0tiques a mida allotjades al n\u00favol<\/strong>, d&#8217;aquesta manera podeu disposar d&#8217;una base de dades i una eina de gesti\u00f3, compartida entre tots els usuaris que sigui necessari, amb acc\u00e9s restringit des de qualsevol navegador d&#8217;internet.<\/p>\n\n\n\n<div style=\"height:50px\" aria-hidden=\"true\" class=\"wp-block-spacer\"><\/div>\n\n\n\n<div class=\"wp-block-columns is-layout-flex wp-container-core-columns-is-layout-9d6595d7 wp-block-columns-is-layout-flex\">\n<div class=\"wp-block-column is-layout-flow wp-block-column-is-layout-flow\"><div class=\"wp-block-image\">\n<figure class=\"aligncenter size-full\"><img loading=\"lazy\" decoding=\"async\" width=\"256\" height=\"256\" src=\"https:\/\/www.edugestio.com\/web\/wp-content\/uploads\/2022\/11\/zofgmjgjzvbtediagmxa.png\" alt=\"\" class=\"wp-image-705\" srcset=\"https:\/\/www.edugestio.com\/web\/wp-content\/uploads\/2022\/11\/zofgmjgjzvbtediagmxa.png 256w, https:\/\/www.edugestio.com\/web\/wp-content\/uploads\/2022\/11\/zofgmjgjzvbtediagmxa-150x150.png 150w\" sizes=\"auto, (max-width: 256px) 100vw, 256px\" \/><\/figure>\n<\/div><\/div>\n\n\n\n<div class=\"wp-block-column is-vertically-aligned-center is-layout-flow wp-block-column-is-layout-flow\">\n<ul class=\"wp-block-list\">\n<li>Aplicaci\u00f3 de gesti\u00f3 d&#8217;alumnes NESE<\/li>\n\n\n\n<li>Gesti\u00f3 documental<\/li>\n\n\n\n<li>Gesti\u00f3 biblioteca<\/li>\n\n\n\n<li>Gesti\u00f3 incid\u00e8ncies<\/li>\n\n\n\n<li>Gesti\u00f3 disponibilitat aules<\/li>\n\n\n\n<li>Confecci\u00f3 d&#8217;informes<\/li>\n\n\n\n<li>Necessiteu una aplicaci\u00f3 a mida? Parlem-ne!<\/li>\n<\/ul>\n<\/div>\n<\/div>\n\n\n\n<div style=\"height:50px\" aria-hidden=\"true\" class=\"wp-block-spacer\"><\/div>\n\n\n\n<div class=\"wp-block-columns is-layout-flex wp-container-core-columns-is-layout-9d6595d7 wp-block-columns-is-layout-flex\">\n<div class=\"wp-block-column is-vertically-aligned-center is-layout-flow wp-block-column-is-layout-flow\">\n<h2 class=\"wp-block-heading has-text-align-center\">No coneixes la nostra App?<\/h2>\n<\/div>\n\n\n\n<div class=\"wp-block-column is-vertically-aligned-center is-layout-flow wp-block-column-is-layout-flow\"><div class=\"wp-block-image\">\n<figure class=\"aligncenter size-full is-resized\"><a href=\"https:\/\/www.edugestio.com\/web\/comunicapp-edu\/\"><img loading=\"lazy\" decoding=\"async\" width=\"782\" height=\"168\" src=\"https:\/\/www.edugestio.com\/web\/wp-content\/uploads\/2022\/09\/comunicAPPEDU.png\" alt=\"\" class=\"wp-image-657\" style=\"width:450px\" srcset=\"https:\/\/www.edugestio.com\/web\/wp-content\/uploads\/2022\/09\/comunicAPPEDU.png 782w, https:\/\/www.edugestio.com\/web\/wp-content\/uploads\/2022\/09\/comunicAPPEDU-300x64.png 300w, https:\/\/www.edugestio.com\/web\/wp-content\/uploads\/2022\/09\/comunicAPPEDU-768x165.png 768w\" sizes=\"auto, (max-width: 782px) 100vw, 782px\" \/><\/a><\/figure>\n<\/div>\n\n\n<p class=\"has-text-align-center\" style=\"font-size:16px\">la millor App per escoles, instituts, acad\u00e8mies i AFAs<\/p>\n<\/div>\n<\/div>\n\n\n\n<div style=\"height:50px\" aria-hidden=\"true\" class=\"wp-block-spacer\"><\/div>\n\n\n\n<div class=\"wp-block-group has-pale-ocean-gradient-background has-background\"><div class=\"wp-block-group__inner-container is-layout-constrained wp-block-group-is-layout-constrained\">\n<div style=\"height:25px\" aria-hidden=\"true\" class=\"wp-block-spacer\"><\/div>\n\n\n\n<h2 class=\"wp-block-heading has-text-align-center\">Contacta amb nosaltres<\/h2>\n\n\n\n<p class=\"has-text-align-center\" style=\"font-size:16px\">Si vols m\u00e9s informaci\u00f3 o exemples de funcionament posa\u2019t en contacte amb nosaltres<\/p>\n\n\n\n<div class=\"wp-block-group is-content-justification-center is-nowrap is-layout-flex wp-container-core-group-is-layout-94bc23d7 wp-block-group-is-layout-flex\">\n<p class=\"has-text-align-center\"><img decoding=\"async\" draggable=\"false\" role=\"img\" class=\"emoji\" alt=\"tel\" src=\"https:\/\/s.w.org\/images\/core\/emoji\/16.0.1\/svg\/1f4de.svg\"> <strong>930.133.503<\/strong><\/p>\n\n\n\n<p><\/p>\n\n\n\n<p class=\"has-text-align-center\"><img decoding=\"async\" draggable=\"false\" role=\"img\" class=\"emoji\" alt=\"email\" src=\"https:\/\/s.w.org\/images\/core\/emoji\/16.0.1\/svg\/1f4e7.svg\"> <a href=\"mailto:info@dumainteractiva.com\"><strong>info@dumainteractiva.com<\/strong><\/a><\/p>\n<\/div>\n\n\n\n<div style=\"height:25px\" aria-hidden=\"true\" class=\"wp-block-spacer\"><\/div>\n\n\n\n<div class=\"wp-block-buttons is-content-justification-center is-layout-flex wp-container-core-buttons-is-layout-16018d1d wp-block-buttons-is-layout-flex\">\n<div class=\"wp-block-button\"><a class=\"wp-block-button__link has-vivid-cyan-blue-background-color has-background has-text-align-center wp-element-button\" href=\"https:\/\/www.edugestio.com\/web\/contacta-2\/\">Demana informaci\u00f3!<\/a><\/div>\n<\/div>\n\n\n\n<div style=\"height:25px\" aria-hidden=\"true\" class=\"wp-block-spacer\"><\/div>\n<\/div><\/div>\n\n\n\n<p class=\"has-text-align-center\"><\/p>\n","protected":false},"excerpt":{"rendered":"<p class=\"qua-blog-post-description\">Desenvolupem tot tipus d&#8217;aplicacions inform\u00e0tiques a mida allotjades al n\u00favol, d&#8217;aquesta manera podeu disposar d&#8217;una base de dades i una eina de gesti\u00f3, compartida entre tots els usuaris que sigui necessari, amb acc\u00e9s restringit des de qualsevol navegador d&#8217;internet. No coneixes la nostra App? la millor App per escoles, instituts, acad\u00e8mies i AFAs<\/p>\n","protected":false},"author":1,"featured_media":0,"parent":0,"menu_order":0,"comment_status":"closed","ping_status":"closed","template":"","meta":{"footnotes":""},"class_list":["post-702","page","type-page","status-publish","hentry"],"yoast_head":"<!-- This site is optimized with the Yoast SEO plugin v27.2 - https:\/\/yoast.com\/product\/yoast-seo-wordpress\/ -->\n<title>Programes a mida al n\u00favol - Edugesti\u00f3<\/title>\n<meta name=\"robots\" content=\"index, follow, max-snippet:-1, max-image-preview:large, max-video-preview:-1\" \/>\n<link rel=\"canonical\" href=\"https:\/\/www.edugestio.com\/web\/programes-a-mida-al-nuvol\/\" \/>\n<meta property=\"og:locale\" content=\"es_ES\" \/>\n<meta property=\"og:type\" content=\"article\" \/>\n<meta property=\"og:title\" content=\"Programes a mida al n\u00favol - Edugesti\u00f3\" \/>\n<meta property=\"og:description\" content=\"Desenvolupem tot tipus d&#8217;aplicacions inform\u00e0tiques a mida allotjades al n\u00favol, d&#8217;aquesta manera podeu disposar d&#8217;una base de dades i una eina de gesti\u00f3, compartida entre tots els usuaris que sigui necessari, amb acc\u00e9s restringit des de qualsevol navegador d&#8217;internet. No coneixes la nostra App? la millor App per escoles, instituts, acad\u00e8mies i AFAs\" \/>\n<meta property=\"og:url\" content=\"https:\/\/www.edugestio.com\/web\/programes-a-mida-al-nuvol\/\" \/>\n<meta property=\"og:site_name\" content=\"Edugesti\u00f3\" \/>\n<meta property=\"article:modified_time\" content=\"2025-12-02T16:54:14+00:00\" \/>\n<meta property=\"og:image\" content=\"https:\/\/www.edugestio.com\/web\/wp-content\/uploads\/2022\/11\/zofgmjgjzvbtediagmxa.png\" \/>\n\t<meta property=\"og:image:width\" content=\"256\" \/>\n\t<meta property=\"og:image:height\" content=\"256\" \/>\n\t<meta property=\"og:image:type\" content=\"image\/png\" \/>\n<meta name=\"twitter:card\" content=\"summary_large_image\" \/>\n<meta name=\"twitter:label1\" content=\"Tiempo de lectura\" \/>\n\t<meta name=\"twitter:data1\" content=\"2 minutos\" \/>\n<script type=\"application\/ld+json\" class=\"yoast-schema-graph\">{\"@context\":\"https:\/\/schema.org\",\"@graph\":[{\"@type\":\"WebPage\",\"@id\":\"https:\/\/www.edugestio.com\/web\/programes-a-mida-al-nuvol\/\",\"url\":\"https:\/\/www.edugestio.com\/web\/programes-a-mida-al-nuvol\/\",\"name\":\"Programes a mida al n\u00favol - Edugesti\u00f3\",\"isPartOf\":{\"@id\":\"https:\/\/www.edugestio.com\/web\/#website\"},\"primaryImageOfPage\":{\"@id\":\"https:\/\/www.edugestio.com\/web\/programes-a-mida-al-nuvol\/#primaryimage\"},\"image\":{\"@id\":\"https:\/\/www.edugestio.com\/web\/programes-a-mida-al-nuvol\/#primaryimage\"},\"thumbnailUrl\":\"https:\/\/www.edugestio.com\/web\/wp-content\/uploads\/2022\/11\/zofgmjgjzvbtediagmxa.png\",\"datePublished\":\"2022-11-08T15:04:09+00:00\",\"dateModified\":\"2025-12-02T16:54:14+00:00\",\"breadcrumb\":{\"@id\":\"https:\/\/www.edugestio.com\/web\/programes-a-mida-al-nuvol\/#breadcrumb\"},\"inLanguage\":\"es\",\"potentialAction\":[{\"@type\":\"ReadAction\",\"target\":[\"https:\/\/www.edugestio.com\/web\/programes-a-mida-al-nuvol\/\"]}]},{\"@type\":\"ImageObject\",\"inLanguage\":\"es\",\"@id\":\"https:\/\/www.edugestio.com\/web\/programes-a-mida-al-nuvol\/#primaryimage\",\"url\":\"https:\/\/www.edugestio.com\/web\/wp-content\/uploads\/2022\/11\/zofgmjgjzvbtediagmxa.png\",\"contentUrl\":\"https:\/\/www.edugestio.com\/web\/wp-content\/uploads\/2022\/11\/zofgmjgjzvbtediagmxa.png\",\"width\":256,\"height\":256},{\"@type\":\"BreadcrumbList\",\"@id\":\"https:\/\/www.edugestio.com\/web\/programes-a-mida-al-nuvol\/#breadcrumb\",\"itemListElement\":[{\"@type\":\"ListItem\",\"position\":1,\"name\":\"Inici\",\"item\":\"https:\/\/www.edugestio.com\/web\/\"},{\"@type\":\"ListItem\",\"position\":2,\"name\":\"Programes a mida al n\u00favol\"}]},{\"@type\":\"WebSite\",\"@id\":\"https:\/\/www.edugestio.com\/web\/#website\",\"url\":\"https:\/\/www.edugestio.com\/web\/\",\"name\":\"Edugesti\u00f3\",\"description\":\"Serveis i aplicacions completaris al vostre programa de gesti\u00f3\",\"potentialAction\":[{\"@type\":\"SearchAction\",\"target\":{\"@type\":\"EntryPoint\",\"urlTemplate\":\"https:\/\/www.edugestio.com\/web\/?s={search_term_string}\"},\"query-input\":{\"@type\":\"PropertyValueSpecification\",\"valueRequired\":true,\"valueName\":\"search_term_string\"}}],\"inLanguage\":\"es\"}]}<\/script>\n<!-- \/ Yoast SEO plugin. -->","yoast_head_json":{"title":"Programes a mida al n\u00favol - Edugesti\u00f3","robots":{"index":"index","follow":"follow","max-snippet":"max-snippet:-1","max-image-preview":"max-image-preview:large","max-video-preview":"max-video-preview:-1"},"canonical":"https:\/\/www.edugestio.com\/web\/programes-a-mida-al-nuvol\/","og_locale":"es_ES","og_type":"article","og_title":"Programes a mida al n\u00favol - Edugesti\u00f3","og_description":"Desenvolupem tot tipus d&#8217;aplicacions inform\u00e0tiques a mida allotjades al n\u00favol, d&#8217;aquesta manera podeu disposar d&#8217;una base de dades i una eina de gesti\u00f3, compartida entre tots els usuaris que sigui necessari, amb acc\u00e9s restringit des de qualsevol navegador d&#8217;internet. No coneixes la nostra App? la millor App per escoles, instituts, acad\u00e8mies i AFAs","og_url":"https:\/\/www.edugestio.com\/web\/programes-a-mida-al-nuvol\/","og_site_name":"Edugesti\u00f3","article_modified_time":"2025-12-02T16:54:14+00:00","og_image":[{"width":256,"height":256,"url":"https:\/\/www.edugestio.com\/web\/wp-content\/uploads\/2022\/11\/zofgmjgjzvbtediagmxa.png","type":"image\/png"}],"twitter_card":"summary_large_image","twitter_misc":{"Tiempo de lectura":"2 minutos"},"schema":{"@context":"https:\/\/schema.org","@graph":[{"@type":"WebPage","@id":"https:\/\/www.edugestio.com\/web\/programes-a-mida-al-nuvol\/","url":"https:\/\/www.edugestio.com\/web\/programes-a-mida-al-nuvol\/","name":"Programes a mida al n\u00favol - Edugesti\u00f3","isPartOf":{"@id":"https:\/\/www.edugestio.com\/web\/#website"},"primaryImageOfPage":{"@id":"https:\/\/www.edugestio.com\/web\/programes-a-mida-al-nuvol\/#primaryimage"},"image":{"@id":"https:\/\/www.edugestio.com\/web\/programes-a-mida-al-nuvol\/#primaryimage"},"thumbnailUrl":"https:\/\/www.edugestio.com\/web\/wp-content\/uploads\/2022\/11\/zofgmjgjzvbtediagmxa.png","datePublished":"2022-11-08T15:04:09+00:00","dateModified":"2025-12-02T16:54:14+00:00","breadcrumb":{"@id":"https:\/\/www.edugestio.com\/web\/programes-a-mida-al-nuvol\/#breadcrumb"},"inLanguage":"es","potentialAction":[{"@type":"ReadAction","target":["https:\/\/www.edugestio.com\/web\/programes-a-mida-al-nuvol\/"]}]},{"@type":"ImageObject","inLanguage":"es","@id":"https:\/\/www.edugestio.com\/web\/programes-a-mida-al-nuvol\/#primaryimage","url":"https:\/\/www.edugestio.com\/web\/wp-content\/uploads\/2022\/11\/zofgmjgjzvbtediagmxa.png","contentUrl":"https:\/\/www.edugestio.com\/web\/wp-content\/uploads\/2022\/11\/zofgmjgjzvbtediagmxa.png","width":256,"height":256},{"@type":"BreadcrumbList","@id":"https:\/\/www.edugestio.com\/web\/programes-a-mida-al-nuvol\/#breadcrumb","itemListElement":[{"@type":"ListItem","position":1,"name":"Inici","item":"https:\/\/www.edugestio.com\/web\/"},{"@type":"ListItem","position":2,"name":"Programes a mida al n\u00favol"}]},{"@type":"WebSite","@id":"https:\/\/www.edugestio.com\/web\/#website","url":"https:\/\/www.edugestio.com\/web\/","name":"Edugesti\u00f3","description":"Serveis i aplicacions completaris al vostre programa de gesti\u00f3","potentialAction":[{"@type":"SearchAction","target":{"@type":"EntryPoint","urlTemplate":"https:\/\/www.edugestio.com\/web\/?s={search_term_string}"},"query-input":{"@type":"PropertyValueSpecification","valueRequired":true,"valueName":"search_term_string"}}],"inLanguage":"es"}]}},"_links":{"self":[{"href":"https:\/\/www.edugestio.com\/web\/wp-json\/wp\/v2\/pages\/702","targetHints":{"allow":["GET"]}}],"collection":[{"href":"https:\/\/www.edugestio.com\/web\/wp-json\/wp\/v2\/pages"}],"about":[{"href":"https:\/\/www.edugestio.com\/web\/wp-json\/wp\/v2\/types\/page"}],"author":[{"embeddable":true,"href":"https:\/\/www.edugestio.com\/web\/wp-json\/wp\/v2\/users\/1"}],"replies":[{"embeddable":true,"href":"https:\/\/www.edugestio.com\/web\/wp-json\/wp\/v2\/comments?post=702"}],"version-history":[{"count":12,"href":"https:\/\/www.edugestio.com\/web\/wp-json\/wp\/v2\/pages\/702\/revisions"}],"predecessor-version":[{"id":1076,"href":"https:\/\/www.edugestio.com\/web\/wp-json\/wp\/v2\/pages\/702\/revisions\/1076"}],"wp:attachment":[{"href":"https:\/\/www.edugestio.com\/web\/wp-json\/wp\/v2\/media?parent=702"}],"curies":[{"name":"wp","href":"https:\/\/api.w.org\/{rel}","templated":true}]}}