{"id":739,"date":"2022-11-09T11:47:11","date_gmt":"2022-11-09T11:47:11","guid":{"rendered":"https:\/\/www.edugestio.com\/web\/?page_id=739"},"modified":"2025-04-15T16:00:31","modified_gmt":"2025-04-15T16:00:31","slug":"avis-legal","status":"publish","type":"page","link":"https:\/\/www.edugestio.com\/web\/avis-legal\/","title":{"rendered":"Av\u00eds Legal"},"content":{"rendered":"\n<p>En compliment del deure d\u2019informaci\u00f3 recollit a l\u2019article 10 de la Llei 34\/2002, d\u201911 de juliol, de serveis de la societat de la informaci\u00f3 i comer\u00e7 electr\u00f2nic, s\u2019informa de les seg\u00fcents dades:<\/p>\n\n\n\n<h2 class=\"wp-block-heading\"><strong>Titularitat del lloc web<\/strong><\/h2>\n\n\n\n<p>Aquest lloc web WWW.EDUGESTIO.COM \u00e9s titularitat de:<\/p>\n\n\n\n<ul class=\"wp-block-list\">\n<li><strong>Nom o ra\u00f3 social<\/strong>: DUMA NEXT<\/li>\n\n\n\n<li><strong>NIF\/CIF<\/strong>: 77611058L<\/li>\n\n\n\n<li><strong>Domicili social<\/strong>: C\/ Santa Teresa 39, 1\u00ba Matar\u00f3 08302, Barcelona<\/li>\n\n\n\n<li><strong>Correu electr\u00f2nic de contacte<\/strong>: info@dumainteractiva.com<\/li>\n<\/ul>\n\n\n\n<p>La present informaci\u00f3 regula les condicions d&#8217;\u00fas, les limitacions de responsabilitat i les obligacions que els usuaris assumeixen i es comprometen a respectar.<\/p>\n\n\n\n<h2 class=\"wp-block-heading\"><strong>Condicions d\u2019\u00fas<\/strong><\/h2>\n\n\n\n<p>L\u2019acc\u00e9s i \u00fas del lloc web atribueix la condici\u00f3 d\u2019usuari, que accepta, des d\u2019aquest acc\u00e9s i\/o \u00fas, les condicions aqu\u00ed reflectides i implica l&#8217;acceptaci\u00f3 de les condicions de l&#8217;av\u00eds legal, pol\u00edtica de privadesa i condicions d&#8217;\u00fas, si l&#8217;usuari no estigu\u00e9s conforme, s&#8217;abstindr\u00e0 d&#8217;utilitzar la p\u00e0gina.<\/p>\n\n\n\n<p>L&#8217;usuari est\u00e0 obligat i es compromet a utilitzar la p\u00e0gina i els continguts de conformitat amb la legislaci\u00f3 vigent, l&#8217;Av\u00eds Legal, i qualsevol altre av\u00eds contingut en aquesta p\u00e0gina, aix\u00ed com amb les normes de conviv\u00e8ncia, la moral i bons costums generalment acceptades.&nbsp;<\/p>\n\n\n\n<h2 class=\"wp-block-heading\"><strong>Propietat intel\u00b7lectual i industrial<\/strong><\/h2>\n\n\n\n<p>DUMA NEXT \u00e9s titular de tots els drets sobre el programari de la web aix\u00ed com dels drets de propietat industrial i intel\u00b7lectual referits als continguts que s\u2019hi incloguin, a excepci\u00f3 dels drets sobre productes i serveis de car\u00e0cter p\u00fablic que no s\u00f3n propietat d\u2019aquesta empresa.<\/p>\n\n\n\n<p>Cap material publicat en aquesta web podr\u00e0 ser reprodu\u00eft, copiat o publicat sense el consentiment per escrit de DUMA NEXT.<\/p>\n\n\n\n<h2 class=\"wp-block-heading\"><strong>Responsabilitat<\/strong><\/h2>\n\n\n\n<p>DUMA NEXT inclou en el seu Lloc Web una s\u00e8rie de continguts sobre les seves activitats, productes, estructura, gesti\u00f3 i equips propis d&#8217;una Web corporativa.<\/p>\n\n\n\n<p>DUMA NEXT exclou qualsevol responsabilitat pels danys i perjudicis de tota naturalesa que poguessin derivar-se de l&#8217;acc\u00e9s als continguts, informacions, publicitat, opcions, conceptes i imatges facilitats als usuaris.&nbsp;<\/p>\n\n\n\n<p>En qualsevol cas, DUMA NEXTno es fa responsable de:&nbsp; &nbsp;<\/p>\n\n\n\n<ol start=\"1\" class=\"wp-block-list\">\n<li>El mal que l&#8217;usuari pugui realitzar del Lloc Web.<\/li>\n\n\n\n<li>La continu\u00eftat dels continguts del Lloc Web.<\/li>\n\n\n\n<li>L&#8217;abs\u00e8ncia de virus i\/o altres components nocius en el Lloc Web o en el servidor que els subministra, tant quant a la visualitzaci\u00f3 dels continguts pels usuaris com en la desc\u00e0rrega d&#8217;aquests.<\/li>\n\n\n\n<li>Els continguts i serveis prestats per altres Llocs Web a les quals pugui tenir acc\u00e9s des de les adreces d&#8217;Internet titularitat de DUMA NEXT.<\/li>\n\n\n\n<li>El major o menor rendiment dels continguts albergats en el Lloc Web.<\/li>\n\n\n\n<li>Els danys o perjudicis que caus\u00e9s qualsevol persona, b\u00e9 a si mateixa o a terceres, que infring\u00eds les condicions, normes i instruccions que DUMA NEXT estableix en aquest Lloc Web.<\/li>\n\n\n\n<li>Els danys ocasionats per la vulneraci\u00f3 dels sistemes de seguretat del Lloc Web titularitat de DUMA NEXT.<\/li>\n\n\n\n<li>El mal funcionament de programari o \u201cplugins\u201d (desc\u00e0rrega que pogu\u00e9s realitzar-se des de l&#8217;enlla\u00e7&nbsp; establert a aquest efecte), que pogu\u00e9s ser necessari per a la visualitzaci\u00f3 o escolta de determinats continguts albergats en el present Lloc Web.<\/li>\n\n\n\n<li>Qualsevol acci\u00f3 o actuaci\u00f3 que pogu\u00e9s realitzar en relaci\u00f3 amb la vulneraci\u00f3 de drets de tercers, especialment, en relaci\u00f3 amb la imatge, propietat intel\u00b7lectual o industrial.<\/li>\n\n\n\n<li>De l&#8217;edici\u00f3, revisi\u00f3, censura i verificaci\u00f3 dels continguts de les p\u00e0gines o Llocs d&#8217;Internet amb els quals l&#8217;usuari es connecti a trav\u00e9s del motor de cerca o dels enlla\u00e7os inclosos en el Lloc Web de WWW.EDUGESTIO.COM.<\/li>\n<\/ol>\n\n\n\n<h2 class=\"wp-block-heading\"><strong>Exempci\u00f3 de responsabilitat pel funcionament de la P\u00e0gina Web&nbsp;&nbsp;<\/strong><\/h2>\n\n\n\n<p>DUMA NEXT presta els seus serveis i continguts de forma continuada emprant tots els mitjans t\u00e8cnics al seu abast per realitzar aquesta prestaci\u00f3 de forma satisfact\u00f2ria.<\/p>\n\n\n\n<p>DUMA NEXT s&#8217;eximeix de qualsevol responsabilitat pel funcionament o serveis del lloc web que puguin sofrir interrupcions o errors, falta de disponibilitat o continu\u00eftat del funcionament del lloc web.<\/p>\n\n\n\n<p>DUMA NEXT podr\u00e0, quan ho consideri convenient, realitzar correccions, millores o modificacions en la informaci\u00f3 continguda en el seu Lloc Web, sense que aix\u00f2 de lloc, ni dret a cap reclamaci\u00f3 o indemnitzaci\u00f3, ni impliqui reconeixement de cap responsabilitat.<\/p>\n\n\n\n<p>DUMA NEXT no es fa responsable pels danys i perjudicis de tota naturalesa que poguessin derivar-se de la disponibilitat i continu\u00eftat t\u00e8cnica del funcionament del seu Lloc Web. En qualsevol cas, DUMA NEXT, dur\u00e0 a terme totes les actuacions necess\u00e0ries per restablir els seus serveis en cas de fallada t\u00e8cnica.<\/p>\n\n\n\n<p>DUMA NEXT es reserva el dret de modificar qualsevol tipus d&#8217;informaci\u00f3 que pugui apar\u00e8ixer en el lloc web, sense que existeixi obligaci\u00f3 de preav\u00eds o posar en coneixement dels usuaris aquestes obligacions, entenent-se com a suficient amb la publicaci\u00f3 en el lloc web del titular.<\/p>\n\n\n\n<h2 class=\"wp-block-heading\"><strong>Pol\u00edtica de cookies<\/strong><\/h2>\n\n\n\n<p>DUMA NEXT utilitza cookies per facilitar la navegaci\u00f3 per aquest portal i per obtenir una major efic\u00e0cia i personalitzaci\u00f3 dels serveis oferts als usuaris. Les cookies utilitzades s\u2019associen \u00fanicament amb un usuari an\u00f2nim i el seu ordinador, i no proporcionen per si mateixes les dades personals de l\u2019usuari. Mitjan\u00e7ant l\u2019\u00fas de les cookies \u00e9s possible que el servidor on es troba la web reconegui el navegador web utilitzat per l\u2019usuari amb la finalitat que la navegaci\u00f3 sigui m\u00e9s senzilla. S\u2019utilitzen tamb\u00e9 per mesurar l\u2019audi\u00e8ncia i par\u00e0metres de tr\u00e0nsit, controlar el proc\u00e9s i nombre d\u2019entrades.<\/p>\n\n\n\n<p>L&#8217;usuari pot lliurement decidir sobre la implantaci\u00f3 o no en el seu disc dur de les cookies empleades en WWW.EDUGESTIO.COM. L\u2019usuari t\u00e9 la possibilitat de configurar el seu navegador per acceptar o rebutjar per defecte totes les cookies o rebre un av\u00eds en pantalla de la recepci\u00f3 de cada cookie i decidir en aquest moment la seva instal\u00b7laci\u00f3 o no al seu disc dur dal seu equip. Si us plau consulti les instruccions i manuals del seu navegador per ampliar aquesta informaci\u00f3.<\/p>\n\n\n\n<p>Encara que l&#8217;usuari configur\u00e9s el seu navegador per rebutjar totes les cookies o rebutg\u00e9s expressament les cookies de WWW.EDUGESTIO.COM podr\u00e0 navegar pel portal amb l&#8217;\u00fanic inconvenient de no poder gaudir de les funcionalitats del portal que requereixin la instal\u00b7laci\u00f3 d&#8217;alguna d&#8217;elles. En qualsevol cas, l&#8217;usuari podr\u00e0 eliminar les cookies de WWW.EDUGESTIO.COM implantades en el seu disc dur a qualsevol moment, seguint el procediment establert en la secci\u00f3 d&#8217;ajuda del seu navegador o entrant a l&#8217;enlla\u00e7\u00a0<strong>\u00ab<a href=\"\/web\/politica-de-cookies\/\">Pol\u00edtica de Cookies<\/a>\u00ab<\/strong>\u00a0d&#8217;aquest lloc Web.<\/p>\n\n\n\n<h2 class=\"wp-block-heading\"><strong>Legislaci\u00f3 i jurisdicci\u00f3<\/strong> <\/h2>\n\n\n\n<p>DUMA NEXT es reserva la facultat de presentar les accions civils o penals que consideri oportunes per la utilitzaci\u00f3 indeguda del seu lloc Web i continguts, o per l&#8217;incompliment de les presents condicions.<\/p>\n\n\n\n<p>En cas d&#8217;existir discrep\u00e0ncia entre l&#8217;establert en el present Av\u00eds Legal i les Condicions Particulars de cada servei espec\u00edfic, prevaldr\u00e0 el que es disposa en aquestes \u00faltimes.<\/p>\n\n\n\n<p>En el cas que qualsevol disposici\u00f3 o disposicions contingudes en el present Av\u00eds Legal anessin considerades nul\u00b7les o inaplicables, \u00edntegrament o en part, per qualsevol Jutjat, Tribunal o \u00f2rgan administratiu competent, aquesta nul\u00b7litat o inaplicaci\u00f3 no afectar\u00e0 la resta de disposicions del present Av\u00eds Legal ni a les Condicions Particulars dels diferents serveis del present Lloc Web.<\/p>\n\n\n\n<p>El no exercici o execuci\u00f3, per part de DUMA NEXT de qualsevol dret o disposici\u00f3 contingut en aquestes Condicions Generals no constituir\u00e0 una ren\u00fancia al mateix, excepte reconeixement i acord escrit per la seva banda.<\/p>\n\n\n\n<p>La relaci\u00f3 entre l&#8217;usuari i el prestador es regir\u00e0 per la normativa vigent i d&#8217;aplicaci\u00f3 al territori espanyol. De sorgir qualsevol controv\u00e8rsia les parts podran sotmetre els seus conflictes a arbitratge o acudir a la jurisdicci\u00f3 ordin\u00e0ria complint amb les normes sobre jurisdicci\u00f3 i compet\u00e8ncia sobre aquest tema. DUMA NEXT t\u00e9 el seu domicili a BARCELONA, Espanya.<br>D&#8217;acord amb l&#8217;Art. 14.1 del Reglament (UE) 524\/2013, la Comissi\u00f3 Europea facilita una plataforma de resoluci\u00f3 de litigis en el seg\u00fcent enlla\u00e7:&nbsp;<a href=\"https:\/\/ec.europa.eu\/consumers\/odr\/\" target=\"_blank\" rel=\"noreferrer noopener\">https:\/\/ec.europa.eu\/consumers\/odr\/<\/a><\/p>\n","protected":false},"excerpt":{"rendered":"<p class=\"qua-blog-post-description\">En compliment del deure d\u2019informaci\u00f3 recollit a l\u2019article 10 de la Llei 34\/2002, d\u201911 de juliol, de serveis de la societat de la informaci\u00f3 i comer\u00e7 electr\u00f2nic, s\u2019informa de les seg\u00fcents dades: Titularitat del lloc web Aquest lloc web WWW.EDUGESTIO.COM \u00e9s titularitat de: La present informaci\u00f3 regula les condicions d&#8217;\u00fas, les limitacions de responsabilitat i [&hellip;]<\/p>\n","protected":false},"author":1,"featured_media":0,"parent":0,"menu_order":0,"comment_status":"closed","ping_status":"closed","template":"","meta":{"footnotes":""},"class_list":["post-739","page","type-page","status-publish","hentry"],"yoast_head":"<!-- This site is optimized with the Yoast SEO plugin v27.2 - https:\/\/yoast.com\/product\/yoast-seo-wordpress\/ -->\n<title>Av\u00eds Legal - Edugesti\u00f3<\/title>\n<meta name=\"robots\" content=\"index, follow, max-snippet:-1, max-image-preview:large, max-video-preview:-1\" \/>\n<link rel=\"canonical\" href=\"https:\/\/www.edugestio.com\/web\/avis-legal\/\" \/>\n<meta property=\"og:locale\" content=\"es_ES\" \/>\n<meta property=\"og:type\" content=\"article\" \/>\n<meta property=\"og:title\" content=\"Av\u00eds Legal - Edugesti\u00f3\" \/>\n<meta property=\"og:description\" content=\"En compliment del deure d\u2019informaci\u00f3 recollit a l\u2019article 10 de la Llei 34\/2002, d\u201911 de juliol, de serveis de la societat de la informaci\u00f3 i comer\u00e7 electr\u00f2nic, s\u2019informa de les seg\u00fcents dades: Titularitat del lloc web Aquest lloc web WWW.EDUGESTIO.COM \u00e9s titularitat de: La present informaci\u00f3 regula les condicions d&#8217;\u00fas, les limitacions de responsabilitat i [&hellip;]\" \/>\n<meta property=\"og:url\" content=\"https:\/\/www.edugestio.com\/web\/avis-legal\/\" \/>\n<meta property=\"og:site_name\" content=\"Edugesti\u00f3\" \/>\n<meta property=\"article:modified_time\" content=\"2025-04-15T16:00:31+00:00\" \/>\n<meta name=\"twitter:card\" content=\"summary_large_image\" \/>\n<meta name=\"twitter:label1\" content=\"Tiempo de lectura\" \/>\n\t<meta name=\"twitter:data1\" content=\"6 minutos\" \/>\n<script type=\"application\/ld+json\" class=\"yoast-schema-graph\">{\"@context\":\"https:\/\/schema.org\",\"@graph\":[{\"@type\":\"WebPage\",\"@id\":\"https:\/\/www.edugestio.com\/web\/avis-legal\/\",\"url\":\"https:\/\/www.edugestio.com\/web\/avis-legal\/\",\"name\":\"Av\u00eds Legal - Edugesti\u00f3\",\"isPartOf\":{\"@id\":\"https:\/\/www.edugestio.com\/web\/#website\"},\"datePublished\":\"2022-11-09T11:47:11+00:00\",\"dateModified\":\"2025-04-15T16:00:31+00:00\",\"breadcrumb\":{\"@id\":\"https:\/\/www.edugestio.com\/web\/avis-legal\/#breadcrumb\"},\"inLanguage\":\"es\",\"potentialAction\":[{\"@type\":\"ReadAction\",\"target\":[\"https:\/\/www.edugestio.com\/web\/avis-legal\/\"]}]},{\"@type\":\"BreadcrumbList\",\"@id\":\"https:\/\/www.edugestio.com\/web\/avis-legal\/#breadcrumb\",\"itemListElement\":[{\"@type\":\"ListItem\",\"position\":1,\"name\":\"Inici\",\"item\":\"https:\/\/www.edugestio.com\/web\/\"},{\"@type\":\"ListItem\",\"position\":2,\"name\":\"Av\u00eds Legal\"}]},{\"@type\":\"WebSite\",\"@id\":\"https:\/\/www.edugestio.com\/web\/#website\",\"url\":\"https:\/\/www.edugestio.com\/web\/\",\"name\":\"Edugesti\u00f3\",\"description\":\"Serveis i aplicacions completaris al vostre programa de gesti\u00f3\",\"potentialAction\":[{\"@type\":\"SearchAction\",\"target\":{\"@type\":\"EntryPoint\",\"urlTemplate\":\"https:\/\/www.edugestio.com\/web\/?s={search_term_string}\"},\"query-input\":{\"@type\":\"PropertyValueSpecification\",\"valueRequired\":true,\"valueName\":\"search_term_string\"}}],\"inLanguage\":\"es\"}]}<\/script>\n<!-- \/ Yoast SEO plugin. -->","yoast_head_json":{"title":"Av\u00eds Legal - Edugesti\u00f3","robots":{"index":"index","follow":"follow","max-snippet":"max-snippet:-1","max-image-preview":"max-image-preview:large","max-video-preview":"max-video-preview:-1"},"canonical":"https:\/\/www.edugestio.com\/web\/avis-legal\/","og_locale":"es_ES","og_type":"article","og_title":"Av\u00eds Legal - Edugesti\u00f3","og_description":"En compliment del deure d\u2019informaci\u00f3 recollit a l\u2019article 10 de la Llei 34\/2002, d\u201911 de juliol, de serveis de la societat de la informaci\u00f3 i comer\u00e7 electr\u00f2nic, s\u2019informa de les seg\u00fcents dades: Titularitat del lloc web Aquest lloc web WWW.EDUGESTIO.COM \u00e9s titularitat de: La present informaci\u00f3 regula les condicions d&#8217;\u00fas, les limitacions de responsabilitat i [&hellip;]","og_url":"https:\/\/www.edugestio.com\/web\/avis-legal\/","og_site_name":"Edugesti\u00f3","article_modified_time":"2025-04-15T16:00:31+00:00","twitter_card":"summary_large_image","twitter_misc":{"Tiempo de lectura":"6 minutos"},"schema":{"@context":"https:\/\/schema.org","@graph":[{"@type":"WebPage","@id":"https:\/\/www.edugestio.com\/web\/avis-legal\/","url":"https:\/\/www.edugestio.com\/web\/avis-legal\/","name":"Av\u00eds Legal - Edugesti\u00f3","isPartOf":{"@id":"https:\/\/www.edugestio.com\/web\/#website"},"datePublished":"2022-11-09T11:47:11+00:00","dateModified":"2025-04-15T16:00:31+00:00","breadcrumb":{"@id":"https:\/\/www.edugestio.com\/web\/avis-legal\/#breadcrumb"},"inLanguage":"es","potentialAction":[{"@type":"ReadAction","target":["https:\/\/www.edugestio.com\/web\/avis-legal\/"]}]},{"@type":"BreadcrumbList","@id":"https:\/\/www.edugestio.com\/web\/avis-legal\/#breadcrumb","itemListElement":[{"@type":"ListItem","position":1,"name":"Inici","item":"https:\/\/www.edugestio.com\/web\/"},{"@type":"ListItem","position":2,"name":"Av\u00eds Legal"}]},{"@type":"WebSite","@id":"https:\/\/www.edugestio.com\/web\/#website","url":"https:\/\/www.edugestio.com\/web\/","name":"Edugesti\u00f3","description":"Serveis i aplicacions completaris al vostre programa de gesti\u00f3","potentialAction":[{"@type":"SearchAction","target":{"@type":"EntryPoint","urlTemplate":"https:\/\/www.edugestio.com\/web\/?s={search_term_string}"},"query-input":{"@type":"PropertyValueSpecification","valueRequired":true,"valueName":"search_term_string"}}],"inLanguage":"es"}]}},"_links":{"self":[{"href":"https:\/\/www.edugestio.com\/web\/wp-json\/wp\/v2\/pages\/739","targetHints":{"allow":["GET"]}}],"collection":[{"href":"https:\/\/www.edugestio.com\/web\/wp-json\/wp\/v2\/pages"}],"about":[{"href":"https:\/\/www.edugestio.com\/web\/wp-json\/wp\/v2\/types\/page"}],"author":[{"embeddable":true,"href":"https:\/\/www.edugestio.com\/web\/wp-json\/wp\/v2\/users\/1"}],"replies":[{"embeddable":true,"href":"https:\/\/www.edugestio.com\/web\/wp-json\/wp\/v2\/comments?post=739"}],"version-history":[{"count":5,"href":"https:\/\/www.edugestio.com\/web\/wp-json\/wp\/v2\/pages\/739\/revisions"}],"predecessor-version":[{"id":1034,"href":"https:\/\/www.edugestio.com\/web\/wp-json\/wp\/v2\/pages\/739\/revisions\/1034"}],"wp:attachment":[{"href":"https:\/\/www.edugestio.com\/web\/wp-json\/wp\/v2\/media?parent=739"}],"curies":[{"name":"wp","href":"https:\/\/api.w.org\/{rel}","templated":true}]}}