{"id":840,"date":"2023-11-02T08:19:26","date_gmt":"2023-11-02T08:19:26","guid":{"rendered":"https:\/\/www.edugestio.com\/web\/?page_id=840"},"modified":"2024-06-21T09:52:14","modified_gmt":"2024-06-21T09:52:14","slug":"fundacio-exit","status":"publish","type":"page","link":"https:\/\/www.edugestio.com\/web\/fundacio-exit\/","title":{"rendered":"Fundaci\u00f3 Exit"},"content":{"rendered":"\n<p><strong>Edugesti\u00f3<\/strong>, compromesa amb la responsabilitat social corporativa, col\u00b7labora amb l\u2019entitat Fundaci\u00f3 Exit, <strong>aportant 1 euro<\/strong> per cada nova contractaci\u00f3 de qualsevol dels serveis, per escoles o AFAS.<\/p>\n\n\n\n<div class=\"wp-block-columns is-layout-flex wp-container-core-columns-is-layout-9d6595d7 wp-block-columns-is-layout-flex\">\n<div class=\"wp-block-column is-vertically-aligned-center is-layout-flow wp-block-column-is-layout-flow\"><div class=\"wp-block-image\">\n<figure class=\"aligncenter size-full\"><img loading=\"lazy\" decoding=\"async\" width=\"350\" height=\"65\" src=\"https:\/\/www.edugestio.com\/web\/wp-content\/uploads\/2017\/03\/Logo-Edugestio_2017petit.jpg\" alt=\"\" class=\"wp-image-264\" srcset=\"https:\/\/www.edugestio.com\/web\/wp-content\/uploads\/2017\/03\/Logo-Edugestio_2017petit.jpg 350w, https:\/\/www.edugestio.com\/web\/wp-content\/uploads\/2017\/03\/Logo-Edugestio_2017petit-300x56.jpg 300w\" sizes=\"auto, (max-width: 350px) 100vw, 350px\" \/><\/figure>\n<\/div><\/div>\n\n\n\n<div class=\"wp-block-column is-vertically-aligned-center is-layout-flow wp-block-column-is-layout-flow\"><div class=\"wp-block-image\">\n<figure class=\"aligncenter size-full\"><img loading=\"lazy\" decoding=\"async\" width=\"290\" height=\"147\" src=\"https:\/\/www.edugestio.com\/web\/wp-content\/uploads\/2023\/10\/EXIT_LOGO_CLAIMS_CAST_web.jpg\" alt=\"\" class=\"wp-image-832\"\/><\/figure>\n<\/div><\/div>\n<\/div>\n\n\n\n<p>La Fundaci\u00f3 Exit, amb m\u00e9s de 20 anys de traject\u00f2ria, te la missi\u00f3 de reduir l\u2019abandonament educatiu prematur de joves en situaci\u00f3 de vulnerabilitat social mitjan\u00e7ant un model d\u2019orientaci\u00f3 innovador en el qual la implicaci\u00f3 de les empreses maximitzi la possibilitat d\u2019una posterior inserci\u00f3 laboral, promovent la igualtat d\u2019oportunitats, la innovaci\u00f3 i construint un pont entre el m\u00f3n social i l\u2019empresarial.<\/p>\n\n\n\n<div style=\"height:20px\" aria-hidden=\"true\" class=\"wp-block-spacer\"><\/div>\n\n\n\n<div class=\"wp-block-buttons is-content-justification-center is-layout-flex wp-container-core-buttons-is-layout-16018d1d wp-block-buttons-is-layout-flex\">\n<div class=\"wp-block-button\"><a class=\"wp-block-button__link has-vivid-red-background-color has-background wp-element-button\" href=\"https:\/\/fundacionexit.org\/missio-visio-i-valors\/?lang=ca\" target=\"_blank\" rel=\"noreferrer noopener\">Saber m\u00e9s sobre Fundaci\u00f3 Exit<\/a><\/div>\n<\/div>\n\n\n\n<div style=\"height:50px\" aria-hidden=\"true\" class=\"wp-block-spacer\"><\/div>\n","protected":false},"excerpt":{"rendered":"<p class=\"qua-blog-post-description\">Edugesti\u00f3, compromesa amb la responsabilitat social corporativa, col\u00b7labora amb l\u2019entitat Fundaci\u00f3 Exit, aportant 1 euro per cada nova contractaci\u00f3 de qualsevol dels serveis, per escoles o AFAS. La Fundaci\u00f3 Exit, amb m\u00e9s de 20 anys de traject\u00f2ria, te la missi\u00f3 de reduir l\u2019abandonament educatiu prematur de joves en situaci\u00f3 de vulnerabilitat social mitjan\u00e7ant un model [&hellip;]<\/p>\n","protected":false},"author":1,"featured_media":0,"parent":0,"menu_order":0,"comment_status":"closed","ping_status":"closed","template":"","meta":{"footnotes":""},"class_list":["post-840","page","type-page","status-publish","hentry"],"yoast_head":"<!-- This site is optimized with the Yoast SEO plugin v27.5 - https:\/\/yoast.com\/product\/yoast-seo-wordpress\/ -->\n<title>Fundaci\u00f3 Exit - Edugesti\u00f3<\/title>\n<meta name=\"robots\" content=\"index, follow, max-snippet:-1, max-image-preview:large, max-video-preview:-1\" \/>\n<link rel=\"canonical\" href=\"https:\/\/www.edugestio.com\/web\/fundacio-exit\/\" \/>\n<meta property=\"og:locale\" content=\"es_ES\" \/>\n<meta property=\"og:type\" content=\"article\" \/>\n<meta property=\"og:title\" content=\"Fundaci\u00f3 Exit - Edugesti\u00f3\" \/>\n<meta property=\"og:description\" content=\"Edugesti\u00f3, compromesa amb la responsabilitat social corporativa, col\u00b7labora amb l\u2019entitat Fundaci\u00f3 Exit, aportant 1 euro per cada nova contractaci\u00f3 de qualsevol dels serveis, per escoles o AFAS. La Fundaci\u00f3 Exit, amb m\u00e9s de 20 anys de traject\u00f2ria, te la missi\u00f3 de reduir l\u2019abandonament educatiu prematur de joves en situaci\u00f3 de vulnerabilitat social mitjan\u00e7ant un model [&hellip;]\" \/>\n<meta property=\"og:url\" content=\"https:\/\/www.edugestio.com\/web\/fundacio-exit\/\" \/>\n<meta property=\"og:site_name\" content=\"Edugesti\u00f3\" \/>\n<meta property=\"article:modified_time\" content=\"2024-06-21T09:52:14+00:00\" \/>\n<meta property=\"og:image\" content=\"https:\/\/www.edugestio.com\/web\/wp-content\/uploads\/2017\/03\/Logo-Edugestio_2017petit.jpg\" \/>\n<meta name=\"twitter:card\" content=\"summary_large_image\" \/>\n<meta name=\"twitter:label1\" content=\"Tiempo de lectura\" \/>\n\t<meta name=\"twitter:data1\" content=\"1 minuto\" \/>\n<script type=\"application\/ld+json\" class=\"yoast-schema-graph\">{\"@context\":\"https:\\\/\\\/schema.org\",\"@graph\":[{\"@type\":\"WebPage\",\"@id\":\"https:\\\/\\\/www.edugestio.com\\\/web\\\/fundacio-exit\\\/\",\"url\":\"https:\\\/\\\/www.edugestio.com\\\/web\\\/fundacio-exit\\\/\",\"name\":\"Fundaci\u00f3 Exit - Edugesti\u00f3\",\"isPartOf\":{\"@id\":\"https:\\\/\\\/www.edugestio.com\\\/web\\\/#website\"},\"primaryImageOfPage\":{\"@id\":\"https:\\\/\\\/www.edugestio.com\\\/web\\\/fundacio-exit\\\/#primaryimage\"},\"image\":{\"@id\":\"https:\\\/\\\/www.edugestio.com\\\/web\\\/fundacio-exit\\\/#primaryimage\"},\"thumbnailUrl\":\"https:\\\/\\\/www.edugestio.com\\\/web\\\/wp-content\\\/uploads\\\/2017\\\/03\\\/Logo-Edugestio_2017petit.jpg\",\"datePublished\":\"2023-11-02T08:19:26+00:00\",\"dateModified\":\"2024-06-21T09:52:14+00:00\",\"breadcrumb\":{\"@id\":\"https:\\\/\\\/www.edugestio.com\\\/web\\\/fundacio-exit\\\/#breadcrumb\"},\"inLanguage\":\"es\",\"potentialAction\":[{\"@type\":\"ReadAction\",\"target\":[\"https:\\\/\\\/www.edugestio.com\\\/web\\\/fundacio-exit\\\/\"]}]},{\"@type\":\"ImageObject\",\"inLanguage\":\"es\",\"@id\":\"https:\\\/\\\/www.edugestio.com\\\/web\\\/fundacio-exit\\\/#primaryimage\",\"url\":\"https:\\\/\\\/www.edugestio.com\\\/web\\\/wp-content\\\/uploads\\\/2017\\\/03\\\/Logo-Edugestio_2017petit.jpg\",\"contentUrl\":\"https:\\\/\\\/www.edugestio.com\\\/web\\\/wp-content\\\/uploads\\\/2017\\\/03\\\/Logo-Edugestio_2017petit.jpg\",\"width\":350,\"height\":65},{\"@type\":\"BreadcrumbList\",\"@id\":\"https:\\\/\\\/www.edugestio.com\\\/web\\\/fundacio-exit\\\/#breadcrumb\",\"itemListElement\":[{\"@type\":\"ListItem\",\"position\":1,\"name\":\"Inici\",\"item\":\"https:\\\/\\\/www.edugestio.com\\\/web\\\/\"},{\"@type\":\"ListItem\",\"position\":2,\"name\":\"Fundaci\u00f3 Exit\"}]},{\"@type\":\"WebSite\",\"@id\":\"https:\\\/\\\/www.edugestio.com\\\/web\\\/#website\",\"url\":\"https:\\\/\\\/www.edugestio.com\\\/web\\\/\",\"name\":\"Edugesti\u00f3\",\"description\":\"Serveis i aplicacions completaris al vostre programa de gesti\u00f3\",\"potentialAction\":[{\"@type\":\"SearchAction\",\"target\":{\"@type\":\"EntryPoint\",\"urlTemplate\":\"https:\\\/\\\/www.edugestio.com\\\/web\\\/?s={search_term_string}\"},\"query-input\":{\"@type\":\"PropertyValueSpecification\",\"valueRequired\":true,\"valueName\":\"search_term_string\"}}],\"inLanguage\":\"es\"}]}<\/script>\n<!-- \/ Yoast SEO plugin. -->","yoast_head_json":{"title":"Fundaci\u00f3 Exit - Edugesti\u00f3","robots":{"index":"index","follow":"follow","max-snippet":"max-snippet:-1","max-image-preview":"max-image-preview:large","max-video-preview":"max-video-preview:-1"},"canonical":"https:\/\/www.edugestio.com\/web\/fundacio-exit\/","og_locale":"es_ES","og_type":"article","og_title":"Fundaci\u00f3 Exit - Edugesti\u00f3","og_description":"Edugesti\u00f3, compromesa amb la responsabilitat social corporativa, col\u00b7labora amb l\u2019entitat Fundaci\u00f3 Exit, aportant 1 euro per cada nova contractaci\u00f3 de qualsevol dels serveis, per escoles o AFAS. La Fundaci\u00f3 Exit, amb m\u00e9s de 20 anys de traject\u00f2ria, te la missi\u00f3 de reduir l\u2019abandonament educatiu prematur de joves en situaci\u00f3 de vulnerabilitat social mitjan\u00e7ant un model [&hellip;]","og_url":"https:\/\/www.edugestio.com\/web\/fundacio-exit\/","og_site_name":"Edugesti\u00f3","article_modified_time":"2024-06-21T09:52:14+00:00","og_image":[{"url":"https:\/\/www.edugestio.com\/web\/wp-content\/uploads\/2017\/03\/Logo-Edugestio_2017petit.jpg","type":"","width":"","height":""}],"twitter_card":"summary_large_image","twitter_misc":{"Tiempo de lectura":"1 minuto"},"schema":{"@context":"https:\/\/schema.org","@graph":[{"@type":"WebPage","@id":"https:\/\/www.edugestio.com\/web\/fundacio-exit\/","url":"https:\/\/www.edugestio.com\/web\/fundacio-exit\/","name":"Fundaci\u00f3 Exit - Edugesti\u00f3","isPartOf":{"@id":"https:\/\/www.edugestio.com\/web\/#website"},"primaryImageOfPage":{"@id":"https:\/\/www.edugestio.com\/web\/fundacio-exit\/#primaryimage"},"image":{"@id":"https:\/\/www.edugestio.com\/web\/fundacio-exit\/#primaryimage"},"thumbnailUrl":"https:\/\/www.edugestio.com\/web\/wp-content\/uploads\/2017\/03\/Logo-Edugestio_2017petit.jpg","datePublished":"2023-11-02T08:19:26+00:00","dateModified":"2024-06-21T09:52:14+00:00","breadcrumb":{"@id":"https:\/\/www.edugestio.com\/web\/fundacio-exit\/#breadcrumb"},"inLanguage":"es","potentialAction":[{"@type":"ReadAction","target":["https:\/\/www.edugestio.com\/web\/fundacio-exit\/"]}]},{"@type":"ImageObject","inLanguage":"es","@id":"https:\/\/www.edugestio.com\/web\/fundacio-exit\/#primaryimage","url":"https:\/\/www.edugestio.com\/web\/wp-content\/uploads\/2017\/03\/Logo-Edugestio_2017petit.jpg","contentUrl":"https:\/\/www.edugestio.com\/web\/wp-content\/uploads\/2017\/03\/Logo-Edugestio_2017petit.jpg","width":350,"height":65},{"@type":"BreadcrumbList","@id":"https:\/\/www.edugestio.com\/web\/fundacio-exit\/#breadcrumb","itemListElement":[{"@type":"ListItem","position":1,"name":"Inici","item":"https:\/\/www.edugestio.com\/web\/"},{"@type":"ListItem","position":2,"name":"Fundaci\u00f3 Exit"}]},{"@type":"WebSite","@id":"https:\/\/www.edugestio.com\/web\/#website","url":"https:\/\/www.edugestio.com\/web\/","name":"Edugesti\u00f3","description":"Serveis i aplicacions completaris al vostre programa de gesti\u00f3","potentialAction":[{"@type":"SearchAction","target":{"@type":"EntryPoint","urlTemplate":"https:\/\/www.edugestio.com\/web\/?s={search_term_string}"},"query-input":{"@type":"PropertyValueSpecification","valueRequired":true,"valueName":"search_term_string"}}],"inLanguage":"es"}]}},"_links":{"self":[{"href":"https:\/\/www.edugestio.com\/web\/wp-json\/wp\/v2\/pages\/840","targetHints":{"allow":["GET"]}}],"collection":[{"href":"https:\/\/www.edugestio.com\/web\/wp-json\/wp\/v2\/pages"}],"about":[{"href":"https:\/\/www.edugestio.com\/web\/wp-json\/wp\/v2\/types\/page"}],"author":[{"embeddable":true,"href":"https:\/\/www.edugestio.com\/web\/wp-json\/wp\/v2\/users\/1"}],"replies":[{"embeddable":true,"href":"https:\/\/www.edugestio.com\/web\/wp-json\/wp\/v2\/comments?post=840"}],"version-history":[{"count":1,"href":"https:\/\/www.edugestio.com\/web\/wp-json\/wp\/v2\/pages\/840\/revisions"}],"predecessor-version":[{"id":841,"href":"https:\/\/www.edugestio.com\/web\/wp-json\/wp\/v2\/pages\/840\/revisions\/841"}],"wp:attachment":[{"href":"https:\/\/www.edugestio.com\/web\/wp-json\/wp\/v2\/media?parent=840"}],"curies":[{"name":"wp","href":"https:\/\/api.w.org\/{rel}","templated":true}]}}